{"id":2478,"date":"2018-04-18T14:09:52","date_gmt":"2018-04-18T12:09:52","guid":{"rendered":"https:\/\/www.limo.se\/?page_id=2478"},"modified":"2025-10-21T15:11:43","modified_gmt":"2025-10-21T13:11:43","slug":"gdpr","status":"publish","type":"page","link":"https:\/\/www.limo.se\/en\/om-foretaget\/gdpr\/","title":{"rendered":"GDPR\/Privacy Policy"},"content":{"rendered":"<p><div class=\"fusion-fullwidth fullwidth-box fusion-builder-row-1 fusion-flex-container nonhundred-percent-fullwidth non-hundred-percent-height-scrolling\" style=\"--awb-border-radius-top-left:0px;--awb-border-radius-top-right:0px;--awb-border-radius-bottom-right:0px;--awb-border-radius-bottom-left:0px;--awb-flex-wrap:wrap;\" ><div class=\"fusion-builder-row fusion-row fusion-flex-align-items-flex-start fusion-flex-content-wrap\" style=\"max-width:1310.4px;margin-left: calc(-4% \/ 2 );margin-right: calc(-4% \/ 2 );\"><div class=\"fusion-layout-column fusion_builder_column fusion-builder-column-0 fusion_builder_column_1_3 1_3 fusion-flex-column fusion-no-small-visibility fusion-no-medium-visibility\" style=\"--awb-bg-size:cover;--awb-width-large:33.333333333333%;--awb-margin-top-large:0px;--awb-spacing-right-large:5.76%;--awb-margin-bottom-large:20px;--awb-spacing-left-large:5.76%;--awb-width-medium:33.333333333333%;--awb-order-medium:0;--awb-spacing-right-medium:5.76%;--awb-spacing-left-medium:5.76%;--awb-width-small:100%;--awb-order-small:0;--awb-spacing-right-small:1.92%;--awb-spacing-left-small:1.92%;\" data-scroll-devices=\"small-visibility,medium-visibility,large-visibility\"><div class=\"fusion-column-wrapper fusion-column-has-shadow fusion-flex-justify-content-flex-start fusion-content-layout-column\"><div class=\"fusion-widget-area awb-widget-area-element fusion-widget-area-1 fusion-content-widget-area\" style=\"--awb-title-size:1.3em;--awb-title-color:#000000;--awb-padding:0px 0px 0px 0px;\"><style type=\"text\/css\" data-id=\"avada-vertical-menu-widget-5\">#avada-vertical-menu-widget-5 > ul.menu { margin-top: -8px; }<\/style><div id=\"avada-vertical-menu-widget-5\" class=\"widget avada_vertical_menu\"><style>#fusion-vertical-menu-widget-avada-vertical-menu-widget-5-nav ul.menu li a {font-size:1em;}<\/style><nav class=\"fusion-vertical-menu-widget fusion-menu hover left no-border\" id=\"avada-vertical-menu-widget-5-nav\"><ul class=\"menu\"><li><a href=\"https:\/\/www.limo.se\/en\/om-foretaget\/\" title=\"Back to Parent Page\">Om Limo<\/a><\/li><li class=\"page_item page-item-2478\"><a href=\"https:\/\/www.limo.se\/en\/om-foretaget\/gdpr\/\"><span class=\"link-text\">GDPR\/Integritetspolicy<\/span><span class=\"arrow\"><\/span><\/a><\/li>\n<li class=\"page_item page-item-4926\"><a href=\"https:\/\/www.limo.se\/en\/om-foretaget\/villkor-limo\/\"><span class=\"link-text\">K\u00f6pvillkor<\/span><span class=\"arrow\"><\/span><\/a><\/li>\n<li class=\"page_item page-item-176\"><a href=\"https:\/\/www.limo.se\/en\/om-foretaget\/kvalitet-iso9001\/\"><span class=\"link-text\">Certifiering kvalitet ISO9001:2015<\/span><span class=\"arrow\"><\/span><\/a><\/li>\n<li class=\"page_item page-item-178\"><a href=\"https:\/\/www.limo.se\/en\/om-foretaget\/miljo-iso14001\/\"><span class=\"link-text\">Certifiering milj\u00f6 ISO14001:2015<\/span><span class=\"arrow\"><\/span><\/a><\/li>\n<li class=\"page_item page-item-1889\"><a href=\"https:\/\/www.limo.se\/en\/om-foretaget\/pressklipp\/\"><span class=\"link-text\">Pressklipp om Limo<\/span><span class=\"arrow\"><\/span><\/a><\/li>\n<li class=\"page_item page-item-2084\"><a href=\"https:\/\/www.limo.se\/en\/om-foretaget\/samarbetspartners-leverantorer\/\"><span class=\"link-text\">Samarbetspartners &#038; leverant\u00f6rer<\/span><span class=\"arrow\"><\/span><\/a><\/li>\n<\/ul><\/nav><\/div><div class=\"fusion-additional-widget-content\"><\/div><\/div><\/div><\/div><div class=\"fusion-layout-column fusion_builder_column fusion-builder-column-1 fusion_builder_column_2_3 2_3 fusion-flex-column\" style=\"--awb-bg-size:cover;--awb-width-large:66.666666666667%;--awb-margin-top-large:0px;--awb-spacing-right-large:2.88%;--awb-margin-bottom-large:0px;--awb-spacing-left-large:2.88%;--awb-width-medium:66.666666666667%;--awb-spacing-right-medium:2.88%;--awb-spacing-left-medium:2.88%;--awb-width-small:100%;--awb-spacing-right-small:1.92%;--awb-spacing-left-small:1.92%;\"><div class=\"fusion-column-wrapper fusion-flex-justify-content-flex-start fusion-content-layout-column\"><div class=\"fusion-text fusion-text-1\"><h2 data-fontsize=\"28\" data-lineheight=\"36\">Insamling av information<\/h2>\n<p>Vi samlar in information fr\u00e5n dig n\u00e4r du kontaktar oss via ett kontaktformul\u00e4r eller g\u00f6r ett k\u00f6p i webbshoppen. Den insamlade informationen inkluderar ditt namn och din e-postadress (vid inskickat kontaktformul\u00e4r) samt ditt f\u00f6retagsnamn, faktureringsadress och telefonnummer.<\/p>\n<p>N\u00e4r du bes\u00f6ker webbplatsen tar vi dessutom automatiskt emot och sparar information fr\u00e5n din dator och webbl\u00e4sare, inklusive din IP-adress, uppgifter om programvara och h\u00e5rdvara och den beg\u00e4rda sidan.<\/p>\n<p>&nbsp;<\/p>\n<h2 data-fontsize=\"28\" data-lineheight=\"36\">Anv\u00e4ndning av information och syfte<\/h2>\n<p>Den information vi samlar in fr\u00e5n dig kan anv\u00e4ndas f\u00f6r att:<\/p>\n<ul>\n<li>Kontakta dig via e-post<\/li>\n<li>F\u00f6rb\u00e4ttra anv\u00e4ndarv\u00e4nligheten p\u00e5 v\u00e5r hemsida<\/li>\n<li>F\u00f6rb\u00e4ttra v\u00e5r kundservice och ditt behov av hj\u00e4lp vid best\u00e4llning i webshopen<\/li>\n<\/ul>\n<p>&nbsp;<\/p>\n<h2 data-fontsize=\"28\" data-lineheight=\"36\">E-handelss\u00e4kerhet<\/h2>\n<p>Vi \u00e4r de enda som \u00e4ger informationen som samlas in p\u00e5 den h\u00e4r webbplatsen. Din personligt identifierbara information kommer inte att s\u00e4ljas, utbytas, \u00f6verf\u00f6ras eller delas vidare till n\u00e5got annat f\u00f6retag, i n\u00e5got syfte, utan ditt samtycke.<\/p>\n<p>&nbsp;<\/p>\n<h2 data-fontsize=\"28\" data-lineheight=\"36\">Utl\u00e4mnande till tredje part<\/h2>\n<p>Vi s\u00e4ljer, handlar, eller p\u00e5 annat s\u00e4tt \u00f6verf\u00f6r, inte personligt identifierbar information till utomst\u00e5ende parter. Detta inkluderar inte betrodd tredjepart som hj\u00e4lper oss att driva v\u00e5r webbplats eller v\u00e5rt f\u00f6retag, med kravet att dessa parter godk\u00e4nner att h\u00e5lla informationen konfidentiell.<\/p>\n<p>&nbsp;<\/p>\n<h2 data-fontsize=\"28\" data-lineheight=\"36\">Informationsskydd<\/h2>\n<p>Vi vidtar en rad olika s\u00e4kerhets\u00e5tg\u00e4rder f\u00f6r att skydda dina personliga uppgifter. Vi anv\u00e4nder oss av avancerade krypteringsmetoder f\u00f6r att skydda k\u00e4nsliga uppgifter som \u00f6verf\u00f6rs \u00f6ver internet. Endast medarbetare som ska utr\u00e4tta ett specifikt jobb (t.ex. fakturering eller kundservice), f\u00e5r tillg\u00e5ng till personligt identifierbar information. De datorer\/servrar som anv\u00e4nds f\u00f6r att lagra personligt identifierbar information lagras i en s\u00e4ker milj\u00f6.<\/p>\n<p>&nbsp;<\/p>\n<h2 data-fontsize=\"28\" data-lineheight=\"36\">Cookies<\/h2>\n<p>Vi anv\u00e4nder cookies f\u00f6r att f\u00f6rb\u00e4ttra tillg\u00e5ngen till v\u00e5r webbplats och identifierar \u00e5terkommande bes\u00f6kare. Dessutom f\u00f6rb\u00e4ttrar v\u00e5ra cookies anv\u00e4ndarupplevelsen genom att sp\u00e5ra och m\u00e5lanpassa anv\u00e4ndarens intressen. V\u00e5r anv\u00e4ndning av cookies kopplas \u00f6ver huvud taget inte till personligt identifierbar information p\u00e5 v\u00e5r webbplats.<\/p>\n<p>&nbsp;<\/p>\n<h2 data-fontsize=\"28\" data-lineheight=\"36\">Radera personuppgifter<\/h2>\n<p>Vi anv\u00e4nder den e-postadress du f\u00f6rser oss med f\u00f6r att skicka information och uppdateringar som ang\u00e5r din best\u00e4llning, enstaka nyhetsbrev, relaterad produktinformation etc. Du kan n\u00e4r som helst kontakta oss p\u00e5\u00a0<a href=\"mailto:info@limo.se\">info@limo.se<\/a>\u00a0f\u00f6r att f\u00e5 information om vilka personuppgifter vi har sparat om dig eller om du vill att vi raderar dina personuppgifter.<\/p>\n<p>&nbsp;<\/p>\n<h2 data-fontsize=\"28\" data-lineheight=\"36\">Samtycke<\/h2>\n<p>Genom att anv\u00e4nda v\u00e5r webbplats, kontaktformul\u00e4r och webbshop godk\u00e4nner du v\u00e5r integritetspolicy.<\/p>\n<\/div><\/div><\/div><\/div><\/div><div id=\"kontaktformular\" class=\"fusion-container-anchor\"><div class=\"fusion-fullwidth fullwidth-box fusion-builder-row-2 fusion-flex-container fusion-parallax-none nonhundred-percent-fullwidth non-hundred-percent-height-scrolling lazyload negative\" style=\"--awb-background-position:right bottom;--awb-border-radius-top-left:0px;--awb-border-radius-top-right:0px;--awb-border-radius-bottom-right:0px;--awb-border-radius-bottom-left:0px;--awb-padding-top:6%;--awb-padding-bottom:100px;--awb-background-size:cover;--awb-flex-wrap:wrap;\" data-bg=\"https:\/\/www.limo.se\/wp-content\/uploads\/limo-bg-with-decoration-big.png\" ><div class=\"fusion-builder-row fusion-row fusion-flex-align-items-flex-start fusion-flex-content-wrap\" style=\"max-width:1310.4px;margin-left: calc(-4% \/ 2 );margin-right: calc(-4% \/ 2 );\"><div class=\"fusion-layout-column fusion_builder_column fusion-builder-column-2 fusion_builder_column_2_3 2_3 fusion-flex-column fusion-animated\" style=\"--awb-bg-size:cover;--awb-width-large:66.666666666667%;--awb-margin-top-large:0px;--awb-spacing-right-large:2.88%;--awb-margin-bottom-large:20px;--awb-spacing-left-large:2.88%;--awb-width-medium:66.666666666667%;--awb-spacing-right-medium:2.88%;--awb-spacing-left-medium:2.88%;--awb-width-small:100%;--awb-spacing-right-small:1.92%;--awb-spacing-left-small:1.92%;\" data-animationType=\"fadeInLeft\" data-animationDuration=\"1.0\" data-animationOffset=\"top-into-view\"><div class=\"fusion-column-wrapper fusion-column-has-shadow fusion-flex-justify-content-flex-start fusion-content-layout-column\"><div class=\"fusion-text fusion-text-2\"><h2>Kontakta oss g\u00e4rna!<\/h2>\n<\/div><div class=\"fusion-text fusion-text-3\"><p><div class=\"frm_forms  with_frm_style frm_style_formidables-stilmall\" id=\"frm_form_4_container\" >\n<form enctype=\"multipart\/form-data\" method=\"post\" class=\"frm-show-form  frm_js_validate \" id=\"form_contact-form3-eng\" >\n<div class=\"frm_form_fields \">\n<fieldset>\n<legend class=\"frm_screen_reader\">Kontakta oss g\u00e4rna!_eng<\/legend>\r\n\r\n<div class=\"frm_fields_container\">\n<input type=\"hidden\" name=\"frm_action\" value=\"create\" \/>\n<input type=\"hidden\" name=\"form_id\" value=\"4\" \/>\n<input type=\"hidden\" name=\"frm_hide_fields_4\" id=\"frm_hide_fields_4\" value=\"\" \/>\n<input type=\"hidden\" name=\"form_key\" value=\"contact-form3-eng\" \/>\n<input type=\"hidden\" name=\"item_meta[0]\" value=\"\" \/>\n<input type=\"hidden\" id=\"frm_submit_entry_4\" name=\"frm_submit_entry_4\" value=\"6095743bc8\" \/><input type=\"hidden\" name=\"_wp_http_referer\" value=\"\/en\/wp-json\/wp\/v2\/pages\/2478\" \/><div id=\"frm_field_28_container\" class=\"frm_form_field form-field  frm_required_field frm_top_container frm12 frm_first\">\r\n\t<label for=\"field_qh4icy3\" id=\"field_qh4icy3_label\" class=\"frm_primary_label\" style=\"color: #ffffff !important;\">Your name\r\n\t\t<span class=\"frm_required\" aria-hidden=\"true\">*<\/span>\r\n\t<\/label>\r\n\t<input type=\"text\" id=\"field_qh4icy3\" name=\"item_meta[28]\" value=\"\"  data-reqmsg=\"Fyll i det obligatoriska f\u00e4ltet.\" aria-required=\"true\" data-invmsg=\"Your name \u00e4r ogiltigt\" aria-invalid=\"false\"  \/>\r\n\t\r\n\t\r\n<\/div>\n<div id=\"frm_field_29_container\" class=\"frm_form_field form-field  frm_required_field frm_top_container frm_full\">\r\n\t<label for=\"field_29yf4d2\" id=\"field_29yf4d2_label\" class=\"frm_primary_label\" style=\"color: #ffffff !important;\">Your email-address\r\n\t\t<span class=\"frm_required\" aria-hidden=\"true\">*<\/span>\r\n\t<\/label>\r\n\t<input type=\"email\" id=\"field_29yf4d2\" name=\"item_meta[29]\" value=\"\"  data-reqmsg=\"Fyll i det obligatoriska f\u00e4ltet.\" aria-required=\"true\" data-invmsg=\"Epost-adressen verkar ogiltig.\" aria-invalid=\"false\"  \/>\r\n\t\r\n\t\r\n<\/div>\n<div id=\"frm_field_30_container\" class=\"frm_form_field form-field  frm_required_field frm_top_container frm_full\">\r\n\t<label for=\"field_9jv0r13\" id=\"field_9jv0r13_label\" class=\"frm_primary_label\" style=\"color: #ffffff !important;\">Your message\r\n\t\t<span class=\"frm_required\" aria-hidden=\"true\">*<\/span>\r\n\t<\/label>\r\n\t<textarea name=\"item_meta[30]\" id=\"field_9jv0r13\" rows=\"5\"  data-reqmsg=\"Fyll i det obligatoriska f\u00e4ltet.\" aria-required=\"true\" data-invmsg=\"Your message is invalid\" aria-invalid=\"false\"  ><\/textarea>\r\n\t\r\n\t\r\n<\/div>\n<div id=\"frm_field_31_container\" class=\"frm_form_field form-field  frm_none_container\">\r\n\t<label for=\"cf-turnstile-response\" id=\"field_7oa2e2_label\" class=\"frm_primary_label\">\r\n\t\t<span class=\"frm_required\" aria-hidden=\"true\"><\/span>\r\n\t<\/label>\r\n\t<div  id=\"field_7oa2e2\" class=\"frm-cf-turnstile\" data-sitekey=\"0x4AAAAAACooEmpUXHVKtPkj\" data-language=\"en-US\" data-size=\"normal\" data-theme=\"light\"><\/div>\r\n\t\r\n\t\r\n<\/div>\n<div id=\"frm_field_32_container\" class=\"frm_form_field form-field \">\r\n\t<div class=\"frm_submit frm_flex\">\r\n<button class=\"frm_button_submit\" type=\"submit\"  >Send<\/button>\r\n\r\n\r\n\r\n<\/div>\r\n<\/div>\n\t<input type=\"hidden\" name=\"item_key\" value=\"\" \/>\n\t\t\t<div id=\"frm_field_33_container\">\n\t\t\t<label for=\"field_q6qsc\" >\n\t\t\t\tIf you are human, leave this field blank.\t\t\t<\/label>\n\t\t\t<input  id=\"field_q6qsc\" type=\"text\" class=\"frm_form_field form-field frm_verify\" name=\"item_meta[33]\" value=\"\"  \/>\n\t\t<\/div>\n\t\t<input name=\"frm_state\" type=\"hidden\" value=\"nbHEoDshv3YdZDgafUwrgYwyFmlYjgH4\/UxPa\/SkRbM=\" \/><\/div>\n<\/fieldset>\n<\/div>\n\n<\/form>\n<\/div>\n<\/p>\n<\/div><\/div><\/div><div class=\"fusion-layout-column fusion_builder_column fusion-builder-column-3 fusion_builder_column_1_3 1_3 fusion-flex-column fusion-animated\" style=\"--awb-padding-top:7%;--awb-padding-right:7%;--awb-padding-bottom:7%;--awb-padding-left:7%;--awb-overflow:hidden;--awb-bg-color:rgba(0,91,171,0.7);--awb-bg-color-hover:rgba(0,91,171,0.7);--awb-bg-size:cover;--awb-border-color:rgba(255,255,255,0.4);--awb-border-top:0;--awb-border-right:0;--awb-border-bottom:0;--awb-border-left:0;--awb-border-style:solid;--awb-border-radius:6px 6px 6px 6px;--awb-width-large:33.333333333333%;--awb-margin-top-large:0px;--awb-spacing-right-large:5.76%;--awb-margin-bottom-large:20px;--awb-spacing-left-large:5.76%;--awb-width-medium:33.333333333333%;--awb-spacing-right-medium:5.76%;--awb-spacing-left-medium:5.76%;--awb-width-small:100%;--awb-spacing-right-small:1.92%;--awb-spacing-left-small:1.92%;\" data-animationType=\"fadeInRight\" data-animationDuration=\"1.0\" data-animationOffset=\"top-into-view\"><div class=\"fusion-column-wrapper fusion-column-has-shadow fusion-flex-justify-content-center fusion-content-layout-column\"><div class=\"fusion-image-element \" style=\"text-align:center;--awb-caption-title-font-family:var(--h2_typography-font-family);--awb-caption-title-font-weight:var(--h2_typography-font-weight);--awb-caption-title-font-style:var(--h2_typography-font-style);--awb-caption-title-size:var(--h2_typography-font-size);--awb-caption-title-transform:var(--h2_typography-text-transform);--awb-caption-title-line-height:var(--h2_typography-line-height);--awb-caption-title-letter-spacing:var(--h2_typography-letter-spacing);\"><span class=\" fusion-imageframe imageframe-none imageframe-1 hover-type-none\" style=\"border-radius:50%;\"><img decoding=\"async\" width=\"880\" height=\"881\" title=\"Fredrik\" src=\"data:image\/svg+xml,%3Csvg%20xmlns%3D%27http%3A%2F%2Fwww.w3.org%2F2000%2Fsvg%27%20width%3D%27880%27%20height%3D%27881%27%20viewBox%3D%270%200%20880%20881%27%3E%3Crect%20width%3D%27880%27%20height%3D%27881%27%20fill-opacity%3D%220%22%2F%3E%3C%2Fsvg%3E\" data-orig-src=\"https:\/\/www.limo.se\/wp-content\/uploads\/fredrik2.png\" alt class=\"lazyload img-responsive wp-image-3613\"\/><\/span><\/div><div class=\"fusion-separator\" style=\"align-self: center;margin-left: auto;margin-right: auto;margin-bottom:20px;width:100%;max-width:75px;\"><\/div><div class=\"fusion-text fusion-text-4\"><div class=\"fusion-text fusion-text-4\"><\/div>\n<p style=\"text-align: center;\"><em>Hej, mitt namn \u00e4r Fredrik Olsson och jag \u00e4r VD p\u00e5 Limo. Kontakta oss g\u00e4rna om du har n\u00e5gra fr\u00e5gor om v\u00e5ra produkter.<\/em><\/p>\n<\/div><div class=\"fusion-text fusion-text-6\"><\/div><div class=\"fusion-separator\" style=\"align-self: center;margin-left: auto;margin-right: auto;margin-bottom:20px;width:100%;max-width:75px;\"><div class=\"fusion-separator-border sep-single sep-solid\" style=\"--awb-height:20px;--awb-amount:20px;--awb-sep-color:rgba(255,255,255,0.4);border-color:rgba(255,255,255,0.4);border-top-width:1px;\"><\/div><\/div><div class=\"fusion-text fusion-text-7\" style=\"--awb-text-transform:none;\"><div class=\"fusion-text fusion-text-7\"><\/div>\n<p style=\"text-align: center;\"><strong>Fredrik Olsson<br \/>\n<\/strong><em>VD, Limo AB<\/em><br \/>\n011\u00a0\u2013\u00a0367101<\/p>\n<\/div><div class=\"fusion-text fusion-text-9\"><\/div><\/div><\/div><\/div><\/div><\/div>\n<\/p>\n","protected":false},"excerpt":{"rendered":"","protected":false},"author":7,"featured_media":0,"parent":16,"menu_order":0,"comment_status":"closed","ping_status":"closed","template":"100-width.php","meta":{"inline_featured_image":false,"footnotes":""},"class_list":["post-2478","page","type-page","status-publish","hentry"],"yoast_head":"<!-- This site is optimized with the Yoast SEO plugin v27.4 - https:\/\/yoast.com\/product\/yoast-seo-wordpress\/ -->\n<title>GDPR - Integritetspolicy | Limo Linatex Molystria AB<\/title>\n<meta name=\"description\" content=\"H\u00e4r hittar du information hur vi h\u00e5ller oss till GDPR &amp; vad f\u00f6r regler vi h\u00e5ller oss till i v\u00e5r integritetspolicy \u2713 V\u00e4lkommen \u2713 Ring oss!\" \/>\n<meta name=\"robots\" content=\"index, follow, max-snippet:-1, max-image-preview:large, max-video-preview:-1\" \/>\n<link rel=\"canonical\" href=\"https:\/\/www.limo.se\/en\/om-foretaget\/gdpr\/\" \/>\n<meta property=\"og:locale\" content=\"en_US\" \/>\n<meta property=\"og:type\" content=\"article\" \/>\n<meta property=\"og:title\" content=\"GDPR - Integritetspolicy | Limo Linatex Molystria AB\" \/>\n<meta property=\"og:description\" content=\"H\u00e4r hittar du information hur vi h\u00e5ller oss till GDPR &amp; vad f\u00f6r regler vi h\u00e5ller oss till i v\u00e5r integritetspolicy \u2713 V\u00e4lkommen \u2713 Ring oss!\" \/>\n<meta property=\"og:url\" content=\"https:\/\/www.limo.se\/en\/om-foretaget\/gdpr\/\" \/>\n<meta property=\"og:site_name\" content=\"Limo Linatex Molystria AB\" \/>\n<meta property=\"article:publisher\" content=\"https:\/\/www.facebook.com\/limoab\/\" \/>\n<meta property=\"article:modified_time\" content=\"2025-10-21T13:11:43+00:00\" \/>\n<meta name=\"twitter:card\" content=\"summary_large_image\" \/>\n<meta name=\"twitter:label1\" content=\"Est. reading time\" \/>\n\t<meta name=\"twitter:data1\" content=\"5 minutes\" \/>\n<script type=\"application\/ld+json\" class=\"yoast-schema-graph\">{\"@context\":\"https:\\\/\\\/schema.org\",\"@graph\":[{\"@type\":\"WebPage\",\"@id\":\"https:\\\/\\\/www.limo.se\\\/om-foretaget\\\/gdpr\\\/\",\"url\":\"https:\\\/\\\/www.limo.se\\\/om-foretaget\\\/gdpr\\\/\",\"name\":\"GDPR - Integritetspolicy | Limo Linatex Molystria AB\",\"isPartOf\":{\"@id\":\"https:\\\/\\\/www.limo.se\\\/#website\"},\"datePublished\":\"2018-04-18T12:09:52+00:00\",\"dateModified\":\"2025-10-21T13:11:43+00:00\",\"description\":\"H\u00e4r hittar du information hur vi h\u00e5ller oss till GDPR & vad f\u00f6r regler vi h\u00e5ller oss till i v\u00e5r integritetspolicy \u2713 V\u00e4lkommen \u2713 Ring oss!\",\"breadcrumb\":{\"@id\":\"https:\\\/\\\/www.limo.se\\\/om-foretaget\\\/gdpr\\\/#breadcrumb\"},\"inLanguage\":\"en-US\",\"potentialAction\":[{\"@type\":\"ReadAction\",\"target\":[\"https:\\\/\\\/www.limo.se\\\/om-foretaget\\\/gdpr\\\/\"]}]},{\"@type\":\"BreadcrumbList\",\"@id\":\"https:\\\/\\\/www.limo.se\\\/om-foretaget\\\/gdpr\\\/#breadcrumb\",\"itemListElement\":[{\"@type\":\"ListItem\",\"position\":1,\"name\":\"Om Limo\",\"item\":\"https:\\\/\\\/www.limo.se\\\/om-foretaget\\\/\"},{\"@type\":\"ListItem\",\"position\":2,\"name\":\"GDPR\\\/Integritetspolicy\"}]},{\"@type\":\"WebSite\",\"@id\":\"https:\\\/\\\/www.limo.se\\\/#website\",\"url\":\"https:\\\/\\\/www.limo.se\\\/\",\"name\":\"Limo Linatex Molystria AB\",\"description\":\"\",\"publisher\":{\"@id\":\"https:\\\/\\\/www.limo.se\\\/#organization\"},\"potentialAction\":[{\"@type\":\"SearchAction\",\"target\":{\"@type\":\"EntryPoint\",\"urlTemplate\":\"https:\\\/\\\/www.limo.se\\\/?s={search_term_string}\"},\"query-input\":{\"@type\":\"PropertyValueSpecification\",\"valueRequired\":true,\"valueName\":\"search_term_string\"}}],\"inLanguage\":\"en-US\"},{\"@type\":\"Organization\",\"@id\":\"https:\\\/\\\/www.limo.se\\\/#organization\",\"name\":\"Limo Linatex Molystria AB\",\"alternateName\":\"Limo AB\",\"url\":\"https:\\\/\\\/www.limo.se\\\/\",\"logo\":{\"@type\":\"ImageObject\",\"inLanguage\":\"en-US\",\"@id\":\"https:\\\/\\\/www.limo.se\\\/#\\\/schema\\\/logo\\\/image\\\/\",\"url\":\"https:\\\/\\\/www.limo.se\\\/wp-content\\\/uploads\\\/Logga_google.png\",\"contentUrl\":\"https:\\\/\\\/www.limo.se\\\/wp-content\\\/uploads\\\/Logga_google.png\",\"width\":1200,\"height\":1100,\"caption\":\"Limo Linatex Molystria AB\"},\"image\":{\"@id\":\"https:\\\/\\\/www.limo.se\\\/#\\\/schema\\\/logo\\\/image\\\/\"},\"sameAs\":[\"https:\\\/\\\/www.facebook.com\\\/limoab\\\/\",\"https:\\\/\\\/www.linkedin.com\\\/company\\\/limo-ab\\\/\"]}]}<\/script>\n<!-- \/ Yoast SEO plugin. -->","yoast_head_json":{"title":"GDPR - Integritetspolicy | Limo Linatex Molystria AB","description":"H\u00e4r hittar du information hur vi h\u00e5ller oss till GDPR & vad f\u00f6r regler vi h\u00e5ller oss till i v\u00e5r integritetspolicy \u2713 V\u00e4lkommen \u2713 Ring oss!","robots":{"index":"index","follow":"follow","max-snippet":"max-snippet:-1","max-image-preview":"max-image-preview:large","max-video-preview":"max-video-preview:-1"},"canonical":"https:\/\/www.limo.se\/en\/om-foretaget\/gdpr\/","og_locale":"en_US","og_type":"article","og_title":"GDPR - Integritetspolicy | Limo Linatex Molystria AB","og_description":"H\u00e4r hittar du information hur vi h\u00e5ller oss till GDPR & vad f\u00f6r regler vi h\u00e5ller oss till i v\u00e5r integritetspolicy \u2713 V\u00e4lkommen \u2713 Ring oss!","og_url":"https:\/\/www.limo.se\/en\/om-foretaget\/gdpr\/","og_site_name":"Limo Linatex Molystria AB","article_publisher":"https:\/\/www.facebook.com\/limoab\/","article_modified_time":"2025-10-21T13:11:43+00:00","twitter_card":"summary_large_image","twitter_misc":{"Est. reading time":"5 minutes"},"schema":{"@context":"https:\/\/schema.org","@graph":[{"@type":"WebPage","@id":"https:\/\/www.limo.se\/om-foretaget\/gdpr\/","url":"https:\/\/www.limo.se\/om-foretaget\/gdpr\/","name":"GDPR - Integritetspolicy | Limo Linatex Molystria AB","isPartOf":{"@id":"https:\/\/www.limo.se\/#website"},"datePublished":"2018-04-18T12:09:52+00:00","dateModified":"2025-10-21T13:11:43+00:00","description":"H\u00e4r hittar du information hur vi h\u00e5ller oss till GDPR & vad f\u00f6r regler vi h\u00e5ller oss till i v\u00e5r integritetspolicy \u2713 V\u00e4lkommen \u2713 Ring oss!","breadcrumb":{"@id":"https:\/\/www.limo.se\/om-foretaget\/gdpr\/#breadcrumb"},"inLanguage":"en-US","potentialAction":[{"@type":"ReadAction","target":["https:\/\/www.limo.se\/om-foretaget\/gdpr\/"]}]},{"@type":"BreadcrumbList","@id":"https:\/\/www.limo.se\/om-foretaget\/gdpr\/#breadcrumb","itemListElement":[{"@type":"ListItem","position":1,"name":"Om Limo","item":"https:\/\/www.limo.se\/om-foretaget\/"},{"@type":"ListItem","position":2,"name":"GDPR\/Integritetspolicy"}]},{"@type":"WebSite","@id":"https:\/\/www.limo.se\/#website","url":"https:\/\/www.limo.se\/","name":"Limo Linatex Molystria AB","description":"","publisher":{"@id":"https:\/\/www.limo.se\/#organization"},"potentialAction":[{"@type":"SearchAction","target":{"@type":"EntryPoint","urlTemplate":"https:\/\/www.limo.se\/?s={search_term_string}"},"query-input":{"@type":"PropertyValueSpecification","valueRequired":true,"valueName":"search_term_string"}}],"inLanguage":"en-US"},{"@type":"Organization","@id":"https:\/\/www.limo.se\/#organization","name":"Limo Linatex Molystria AB","alternateName":"Limo AB","url":"https:\/\/www.limo.se\/","logo":{"@type":"ImageObject","inLanguage":"en-US","@id":"https:\/\/www.limo.se\/#\/schema\/logo\/image\/","url":"https:\/\/www.limo.se\/wp-content\/uploads\/Logga_google.png","contentUrl":"https:\/\/www.limo.se\/wp-content\/uploads\/Logga_google.png","width":1200,"height":1100,"caption":"Limo Linatex Molystria AB"},"image":{"@id":"https:\/\/www.limo.se\/#\/schema\/logo\/image\/"},"sameAs":["https:\/\/www.facebook.com\/limoab\/","https:\/\/www.linkedin.com\/company\/limo-ab\/"]}]}},"_links":{"self":[{"href":"https:\/\/www.limo.se\/en\/wp-json\/wp\/v2\/pages\/2478","targetHints":{"allow":["GET"]}}],"collection":[{"href":"https:\/\/www.limo.se\/en\/wp-json\/wp\/v2\/pages"}],"about":[{"href":"https:\/\/www.limo.se\/en\/wp-json\/wp\/v2\/types\/page"}],"author":[{"embeddable":true,"href":"https:\/\/www.limo.se\/en\/wp-json\/wp\/v2\/users\/7"}],"replies":[{"embeddable":true,"href":"https:\/\/www.limo.se\/en\/wp-json\/wp\/v2\/comments?post=2478"}],"version-history":[{"count":0,"href":"https:\/\/www.limo.se\/en\/wp-json\/wp\/v2\/pages\/2478\/revisions"}],"up":[{"embeddable":true,"href":"https:\/\/www.limo.se\/en\/wp-json\/wp\/v2\/pages\/16"}],"wp:attachment":[{"href":"https:\/\/www.limo.se\/en\/wp-json\/wp\/v2\/media?parent=2478"}],"curies":[{"name":"wp","href":"https:\/\/api.w.org\/{rel}","templated":true}]}}