{"id":2490,"date":"2018-05-08T13:54:17","date_gmt":"2018-05-08T11:54:17","guid":{"rendered":"https:\/\/www.limo.se\/?page_id=2490"},"modified":"2026-01-29T11:47:13","modified_gmt":"2026-01-29T10:47:13","slug":"gummikladda-rum","status":"publish","type":"page","link":"https:\/\/www.limo.se\/en\/gummikladda-rum\/","title":{"rendered":"Limo security room\u00ae"},"content":{"rendered":"<p><div class=\"fusion-fullwidth fullwidth-box fusion-builder-row-1 fusion-flex-container nonhundred-percent-fullwidth non-hundred-percent-height-scrolling\" style=\"--awb-border-radius-top-left:0px;--awb-border-radius-top-right:0px;--awb-border-radius-bottom-right:0px;--awb-border-radius-bottom-left:0px;--awb-flex-wrap:wrap;\" ><div class=\"fusion-builder-row fusion-row fusion-flex-align-items-flex-start fusion-flex-content-wrap\" style=\"max-width:1310.4px;margin-left: calc(-4% \/ 2 );margin-right: calc(-4% \/ 2 );\"><div class=\"fusion-layout-column fusion_builder_column fusion-builder-column-0 fusion_builder_column_2_3 2_3 fusion-flex-column\" style=\"--awb-bg-size:cover;--awb-width-large:66.666666666667%;--awb-margin-top-large:0px;--awb-spacing-right-large:3.84%;--awb-margin-bottom-large:0px;--awb-spacing-left-large:2.88%;--awb-width-medium:66.666666666667%;--awb-spacing-right-medium:3.84%;--awb-spacing-left-medium:2.88%;--awb-width-small:100%;--awb-spacing-right-small:1.92%;--awb-spacing-left-small:1.92%;\"><div class=\"fusion-column-wrapper fusion-flex-justify-content-flex-start fusion-content-layout-column\"><div class=\"fusion-text fusion-text-1\"><h2 class=\"fusion-responsive-typography-calculated\" style=\"line-height: 1.3; --fontsize: 31.53;\" data-fontsize=\"31.53\" data-lineheight=\"40.98px\">Limo s\u00e4kerhetsrum\u00ae &#8211; Gummibekl\u00e4dda rum<\/h2>\n<\/div><div class=\"fusion-separator fusion-full-width-sep\" style=\"align-self: flex-start;margin-right:auto;margin-bottom:1em;width:100%;\"><div class=\"fusion-separator-border sep-double\" style=\"--awb-height:20px;--awb-amount:20px;border-color:var(--awb-color3);border-top-width:0px;border-bottom-width:0px;\"><\/div><\/div><div class=\"fusion-text fusion-text-2 ingress\"><p>Gummikl\u00e4dda rum d\u00e4r man vill skydda mot skada vid fall i veterin\u00e4rklinker eller mot skador vid berusning och sj\u00e4lvskadebeteende i h\u00e4kten eller p\u00e5 anstalter. Det blir \u00e4ven enkelt att h\u00e5lla rummen rena och sterila.<\/p>\n<p>Limo gummerar v\u00e4ggar och golv i befintliga rum med ett mjukt material som fungerar st\u00f6td\u00e4mpande. Anpassningar efter rummet g\u00f6rs och vi ser till att t\u00e4cka skarvar s\u00e5 bra som m\u00f6jligt.<\/p>\n<h3>Mjuka v\u00e4ggar &amp; golv<\/h3>\n<p>Det ger en trygghet att v\u00e4ggar och golv \u00e4r mjuka och har ett flexibelt slitstarkt ytskikt vilket motverkar skador vid fall.<\/p>\n<h3>L\u00e4ttst\u00e4dat &amp; l\u00e4ttsk\u00f6tt<\/h3>\n<p>Det \u00e4r enkelt att reng\u00f6ra rummet d\u00e5 ytskiktet \u00e4r helt t\u00e4tt och kan reng\u00f6ras med vatten och \u00e4ven desinficerande reng\u00f6ringsmedel.<\/p>\n<h3>Material och brandklassning<\/h3>\n<p>Underliggande material i mjukg\u00f6rande lager, mestadels skumgummi har brandklassning enligt datablad, kontakta Limo f\u00f6r att f\u00e5 tillg\u00e5ng till aktuell information ang\u00e5ende detta.<\/p>\n<p>St\u00f6td\u00e4mpande material i ytlager \u00e4r inte fullt ut sj\u00e4lvslocknande enligt alla brandstandarder men materialet \u00e4r mycket flams\u00e4kert. Det brinner sv\u00e5rt och i praktisk anv\u00e4ndning slocknar det n\u00e4r man avl\u00e4gsnar flamman fr\u00e5n materialet.<\/p>\n<p>I \u00f6vrigt har material valts f\u00f6r egenskaper som klarar eld, ozon, kemikalier och v\u00e4derp\u00e5verkan s\u00e5 bra som m\u00f6jligt.<\/p>\n<h3>Gummerade rum f\u00f6r h\u00e4star &amp; st\u00f6rre djur<\/h3>\n<p>Gummerade uppvakningsrum avsedda f\u00f6r h\u00e4star och andra st\u00f6rre djur kr\u00e4ver lite extra d\u00e5 golv och v\u00e4ggar uts\u00e4tts f\u00f6r mycket stora belastningar n\u00e4r djuren \u00e4r mycket ostadiga och ramlar ofta vid uppvaknandet.<\/p>\n<p>Ett uppvakningsrum ger en s\u00e4krare milj\u00f6 f\u00f6r h\u00e4starna och en bra arbetsmilj\u00f6 f\u00f6r personalen.<\/p>\n<p>Det g\u00e5r snabbt och l\u00e4tt att reng\u00f6ra och desinficera rummen efter anv\u00e4ndning och det f\u00f6rb\u00e4ttrar arbetsmilj\u00f6n f\u00f6r personalen i deras dagliga arbete.<\/p>\n<p>Vi har m\u00e5nga \u00e5rs erfarenhet av att bygga den h\u00e4r typen av gummerade rum.<\/p>\n<\/div><\/div><\/div><div class=\"fusion-layout-column fusion_builder_column fusion-builder-column-1 fusion_builder_column_1_3 1_3 fusion-flex-column\" style=\"--awb-bg-size:cover;--awb-width-large:33.333333333333%;--awb-margin-top-large:0px;--awb-spacing-right-large:5.76%;--awb-margin-bottom-large:0px;--awb-spacing-left-large:3.84%;--awb-width-medium:33.333333333333%;--awb-spacing-right-medium:5.76%;--awb-spacing-left-medium:3.84%;--awb-width-small:100%;--awb-spacing-right-small:1.92%;--awb-spacing-left-small:1.92%;\"><div class=\"fusion-column-wrapper fusion-flex-justify-content-flex-start fusion-content-layout-column\"><div class=\"fusion-image-element \" style=\"--awb-caption-title-font-family:var(--h2_typography-font-family);--awb-caption-title-font-weight:var(--h2_typography-font-weight);--awb-caption-title-font-style:var(--h2_typography-font-style);--awb-caption-title-size:var(--h2_typography-font-size);--awb-caption-title-transform:var(--h2_typography-text-transform);--awb-caption-title-line-height:var(--h2_typography-line-height);--awb-caption-title-letter-spacing:var(--h2_typography-letter-spacing);\"><span class=\" fusion-imageframe imageframe-none imageframe-1 hover-type-none\"><img decoding=\"async\" width=\"768\" height=\"1024\" title=\"kund-gummerat-rum\" src=\"data:image\/svg+xml,%3Csvg%20xmlns%3D%27http%3A%2F%2Fwww.w3.org%2F2000%2Fsvg%27%20width%3D%271920%27%20height%3D%272560%27%20viewBox%3D%270%200%201920%202560%27%3E%3Crect%20width%3D%271920%27%20height%3D%272560%27%20fill-opacity%3D%220%22%2F%3E%3C%2Fsvg%3E\" data-orig-src=\"https:\/\/www.limo.se\/wp-content\/uploads\/kund-gummerat-rum-1-768x1024.jpg\" alt class=\"lazyload img-responsive wp-image-5920\"\/><\/span><\/div><div class=\"fusion-separator fusion-full-width-sep\" style=\"align-self: center;margin-left: auto;margin-right: auto;margin-bottom:30px;width:100%;\"><\/div><div class=\"fusion-image-element \" style=\"--awb-caption-title-font-family:var(--h2_typography-font-family);--awb-caption-title-font-weight:var(--h2_typography-font-weight);--awb-caption-title-font-style:var(--h2_typography-font-style);--awb-caption-title-size:var(--h2_typography-font-size);--awb-caption-title-transform:var(--h2_typography-text-transform);--awb-caption-title-line-height:var(--h2_typography-line-height);--awb-caption-title-letter-spacing:var(--h2_typography-letter-spacing);\"><span class=\" fusion-imageframe imageframe-none imageframe-2 hover-type-none\"><img decoding=\"async\" width=\"1920\" height=\"2560\" title=\"Uppvakningsrum\" src=\"https:\/\/www.limo.se\/wp-content\/uploads\/Uppvakningsrum-scaled.jpg\" alt class=\"img-responsive wp-image-5914 disable-lazyload\" srcset=\"https:\/\/www.limo.se\/wp-content\/uploads\/Uppvakningsrum-225x300.jpg 225w, https:\/\/www.limo.se\/wp-content\/uploads\/Uppvakningsrum-768x1024.jpg 768w, https:\/\/www.limo.se\/wp-content\/uploads\/Uppvakningsrum-scaled.jpg 1920w\" sizes=\"(max-width: 1920px) 100vw, 1920px\" \/><\/span><\/div><div class=\"fusion-separator fusion-full-width-sep\" style=\"align-self: center;margin-left: auto;margin-right: auto;margin-bottom:30px;width:100%;\"><\/div><div ><a class=\"fusion-button button-flat fusion-button-default-size button-default fusion-button-default button-1 fusion-button-span-yes fusion-button-default-type\" style=\"--button_font_size:11pt;\" target=\"_blank\" rel=\"noopener noreferrer\" href=\"\/wp-content\/uploads\/sakerhetsrum.pdf\"><i class=\"fa-file-pdf far awb-button__icon awb-button__icon--default button-icon-left\" aria-hidden=\"true\"><\/i><span class=\"fusion-button-text awb-button__text awb-button__text--default\">Faktablad om underh\u00e5ll<\/span><\/a><\/div><div class=\"fusion-separator fusion-full-width-sep\" style=\"align-self: center;margin-left: auto;margin-right: auto;margin-bottom:30px;width:100%;\"><\/div><div ><a class=\"fusion-button button-flat fusion-button-default-size button-default fusion-button-default button-2 fusion-button-span-yes fusion-button-default-type\" style=\"--button_font_size:11pt;\" target=\"_blank\" rel=\"noopener noreferrer\" href=\"\/wp-content\/uploads\/uppvakninginst.pdf\"><i class=\"fa-file-pdf far awb-button__icon awb-button__icon--default button-icon-left\" aria-hidden=\"true\"><\/i><span class=\"fusion-button-text awb-button__text awb-button__text--default\">Faktablad H\u00e4strum \/ Uppvakningsrum<\/span><\/a><\/div><div class=\"fusion-separator fusion-full-width-sep\" style=\"align-self: center;margin-left: auto;margin-right: auto;margin-bottom:30px;width:100%;\"><\/div><div ><a class=\"fusion-button button-flat fusion-button-default-size button-default fusion-button-default button-3 fusion-button-default-span fusion-button-default-type\" style=\"--button_font_size:11pt;\" target=\"_self\" href=\"https:\/\/www.limo.se\/kontakta-oss\/\"><span class=\"fusion-button-text awb-button__text awb-button__text--default\">Offert \/ Kontakta oss \u00bb<\/span><\/a><\/div><\/div><\/div><\/div><\/div><div id=\"kontaktformular\" class=\"fusion-container-anchor\"><div class=\"fusion-fullwidth fullwidth-box fusion-builder-row-2 fusion-flex-container fusion-parallax-none nonhundred-percent-fullwidth non-hundred-percent-height-scrolling lazyload negative\" style=\"--awb-background-position:right bottom;--awb-border-radius-top-left:0px;--awb-border-radius-top-right:0px;--awb-border-radius-bottom-right:0px;--awb-border-radius-bottom-left:0px;--awb-padding-top:6%;--awb-padding-bottom:100px;--awb-background-size:cover;--awb-flex-wrap:wrap;\" data-bg=\"https:\/\/www.limo.se\/wp-content\/uploads\/limo-bg-with-decoration-big.png\" ><div class=\"fusion-builder-row fusion-row fusion-flex-align-items-flex-start fusion-flex-content-wrap\" style=\"max-width:1310.4px;margin-left: calc(-4% \/ 2 );margin-right: calc(-4% \/ 2 );\"><div class=\"fusion-layout-column fusion_builder_column fusion-builder-column-2 fusion_builder_column_2_3 2_3 fusion-flex-column fusion-animated\" style=\"--awb-bg-size:cover;--awb-width-large:66.666666666667%;--awb-margin-top-large:0px;--awb-spacing-right-large:2.88%;--awb-margin-bottom-large:20px;--awb-spacing-left-large:2.88%;--awb-width-medium:66.666666666667%;--awb-spacing-right-medium:2.88%;--awb-spacing-left-medium:2.88%;--awb-width-small:100%;--awb-spacing-right-small:1.92%;--awb-spacing-left-small:1.92%;\" data-animationType=\"fadeInLeft\" data-animationDuration=\"1.0\" data-animationOffset=\"top-into-view\"><div class=\"fusion-column-wrapper fusion-column-has-shadow fusion-flex-justify-content-flex-start fusion-content-layout-column\"><div class=\"fusion-text fusion-text-3\"><h2>Kontakta oss g\u00e4rna!<\/h2>\n<\/div><div class=\"fusion-text fusion-text-4\"><p><div class=\"frm_forms  with_frm_style frm_style_formidables-stilmall\" id=\"frm_form_4_container\" >\n<form enctype=\"multipart\/form-data\" method=\"post\" class=\"frm-show-form  frm_js_validate \" id=\"form_contact-form3-eng\" >\n<div class=\"frm_form_fields \">\n<fieldset>\n<legend class=\"frm_screen_reader\">Kontakta oss g\u00e4rna!_eng<\/legend>\r\n\r\n<div class=\"frm_fields_container\">\n<input type=\"hidden\" name=\"frm_action\" value=\"create\" \/>\n<input type=\"hidden\" name=\"form_id\" value=\"4\" \/>\n<input type=\"hidden\" name=\"frm_hide_fields_4\" id=\"frm_hide_fields_4\" value=\"\" \/>\n<input type=\"hidden\" name=\"form_key\" value=\"contact-form3-eng\" \/>\n<input type=\"hidden\" name=\"item_meta[0]\" value=\"\" \/>\n<input type=\"hidden\" id=\"frm_submit_entry_4\" name=\"frm_submit_entry_4\" value=\"0efc8c4141\" \/><input type=\"hidden\" name=\"_wp_http_referer\" value=\"\/en\/wp-json\/wp\/v2\/pages\/2490\" \/><div id=\"frm_field_28_container\" class=\"frm_form_field form-field  frm_required_field frm_top_container frm12 frm_first\">\r\n\t<label for=\"field_qh4icy3\" id=\"field_qh4icy3_label\" class=\"frm_primary_label\" style=\"color: #ffffff !important;\">Your name\r\n\t\t<span class=\"frm_required\" aria-hidden=\"true\">*<\/span>\r\n\t<\/label>\r\n\t<input type=\"text\" id=\"field_qh4icy3\" name=\"item_meta[28]\" value=\"\"  data-reqmsg=\"Fyll i det obligatoriska f\u00e4ltet.\" aria-required=\"true\" data-invmsg=\"Your name \u00e4r ogiltigt\" aria-invalid=\"false\"  \/>\r\n\t\r\n\t\r\n<\/div>\n<div id=\"frm_field_29_container\" class=\"frm_form_field form-field  frm_required_field frm_top_container frm_full\">\r\n\t<label for=\"field_29yf4d2\" id=\"field_29yf4d2_label\" class=\"frm_primary_label\" style=\"color: #ffffff !important;\">Your email-address\r\n\t\t<span class=\"frm_required\" aria-hidden=\"true\">*<\/span>\r\n\t<\/label>\r\n\t<input type=\"email\" id=\"field_29yf4d2\" name=\"item_meta[29]\" value=\"\"  data-reqmsg=\"Fyll i det obligatoriska f\u00e4ltet.\" aria-required=\"true\" data-invmsg=\"Epost-adressen verkar ogiltig.\" aria-invalid=\"false\"  \/>\r\n\t\r\n\t\r\n<\/div>\n<div id=\"frm_field_30_container\" class=\"frm_form_field form-field  frm_required_field frm_top_container frm_full\">\r\n\t<label for=\"field_9jv0r13\" id=\"field_9jv0r13_label\" class=\"frm_primary_label\" style=\"color: #ffffff !important;\">Your message\r\n\t\t<span class=\"frm_required\" aria-hidden=\"true\">*<\/span>\r\n\t<\/label>\r\n\t<textarea name=\"item_meta[30]\" id=\"field_9jv0r13\" rows=\"5\"  data-reqmsg=\"Fyll i det obligatoriska f\u00e4ltet.\" aria-required=\"true\" data-invmsg=\"Your message is invalid\" aria-invalid=\"false\"  ><\/textarea>\r\n\t\r\n\t\r\n<\/div>\n<div id=\"frm_field_31_container\" class=\"frm_form_field form-field  frm_none_container\">\r\n\t<label for=\"cf-turnstile-response\" id=\"field_7oa2e2_label\" class=\"frm_primary_label\">\r\n\t\t<span class=\"frm_required\" aria-hidden=\"true\"><\/span>\r\n\t<\/label>\r\n\t<div  id=\"field_7oa2e2\" class=\"frm-cf-turnstile\" data-sitekey=\"0x4AAAAAACooEmpUXHVKtPkj\" data-language=\"en-US\" data-size=\"normal\" data-theme=\"light\"><\/div>\r\n\t\r\n\t\r\n<\/div>\n<div id=\"frm_field_32_container\" class=\"frm_form_field form-field \">\r\n\t<div class=\"frm_submit frm_flex\">\r\n<button class=\"frm_button_submit\" type=\"submit\"  >Send<\/button>\r\n\r\n\r\n\r\n<\/div>\r\n<\/div>\n\t<input type=\"hidden\" name=\"item_key\" value=\"\" \/>\n\t\t\t<div id=\"frm_field_33_container\">\n\t\t\t<label for=\"field_kc4v5\" >\n\t\t\t\tIf you are human, leave this field blank.\t\t\t<\/label>\n\t\t\t<input  id=\"field_kc4v5\" type=\"text\" class=\"frm_form_field form-field frm_verify\" name=\"item_meta[33]\" value=\"\"  \/>\n\t\t<\/div>\n\t\t<input name=\"frm_state\" type=\"hidden\" value=\"nbHEoDshv3YdZDgafUwrgYwyFmlYjgH4\/UxPa\/SkRbM=\" \/><\/div>\n<\/fieldset>\n<\/div>\n\n<\/form>\n<\/div>\n<\/p>\n<\/div><\/div><\/div><div class=\"fusion-layout-column fusion_builder_column fusion-builder-column-3 fusion_builder_column_1_3 1_3 fusion-flex-column fusion-animated\" style=\"--awb-padding-top:7%;--awb-padding-right:7%;--awb-padding-bottom:7%;--awb-padding-left:7%;--awb-overflow:hidden;--awb-bg-color:rgba(0,91,171,0.7);--awb-bg-color-hover:rgba(0,91,171,0.7);--awb-bg-size:cover;--awb-border-color:rgba(255,255,255,0.4);--awb-border-top:0;--awb-border-right:0;--awb-border-bottom:0;--awb-border-left:0;--awb-border-style:solid;--awb-border-radius:6px 6px 6px 6px;--awb-width-large:33.333333333333%;--awb-margin-top-large:0px;--awb-spacing-right-large:5.76%;--awb-margin-bottom-large:20px;--awb-spacing-left-large:5.76%;--awb-width-medium:33.333333333333%;--awb-spacing-right-medium:5.76%;--awb-spacing-left-medium:5.76%;--awb-width-small:100%;--awb-spacing-right-small:1.92%;--awb-spacing-left-small:1.92%;\" data-animationType=\"fadeInRight\" data-animationDuration=\"1.0\" data-animationOffset=\"top-into-view\"><div class=\"fusion-column-wrapper fusion-column-has-shadow fusion-flex-justify-content-center fusion-content-layout-column\"><div class=\"fusion-image-element \" style=\"text-align:center;--awb-caption-title-font-family:var(--h2_typography-font-family);--awb-caption-title-font-weight:var(--h2_typography-font-weight);--awb-caption-title-font-style:var(--h2_typography-font-style);--awb-caption-title-size:var(--h2_typography-font-size);--awb-caption-title-transform:var(--h2_typography-text-transform);--awb-caption-title-line-height:var(--h2_typography-line-height);--awb-caption-title-letter-spacing:var(--h2_typography-letter-spacing);\"><span class=\" fusion-imageframe imageframe-none imageframe-3 hover-type-none\" style=\"border-radius:50%;\"><img decoding=\"async\" width=\"880\" height=\"881\" title=\"Fredrik\" src=\"data:image\/svg+xml,%3Csvg%20xmlns%3D%27http%3A%2F%2Fwww.w3.org%2F2000%2Fsvg%27%20width%3D%27880%27%20height%3D%27881%27%20viewBox%3D%270%200%20880%20881%27%3E%3Crect%20width%3D%27880%27%20height%3D%27881%27%20fill-opacity%3D%220%22%2F%3E%3C%2Fsvg%3E\" data-orig-src=\"https:\/\/www.limo.se\/wp-content\/uploads\/fredrik2.png\" alt class=\"lazyload img-responsive wp-image-3613\"\/><\/span><\/div><div class=\"fusion-separator\" style=\"align-self: center;margin-left: auto;margin-right: auto;margin-bottom:20px;width:100%;max-width:75px;\"><\/div><div class=\"fusion-text fusion-text-5\"><div class=\"fusion-text fusion-text-5\"><\/div>\n<p style=\"text-align: center;\"><em>Hej, mitt namn \u00e4r Fredrik Olsson och jag \u00e4r VD p\u00e5 Limo. Kontakta oss g\u00e4rna om du har n\u00e5gra fr\u00e5gor om v\u00e5ra produkter.<\/em><\/p>\n<\/div><div class=\"fusion-text fusion-text-7\"><\/div><div class=\"fusion-separator\" style=\"align-self: center;margin-left: auto;margin-right: auto;margin-bottom:20px;width:100%;max-width:75px;\"><div class=\"fusion-separator-border sep-single sep-solid\" style=\"--awb-height:20px;--awb-amount:20px;--awb-sep-color:rgba(255,255,255,0.4);border-color:rgba(255,255,255,0.4);border-top-width:1px;\"><\/div><\/div><div class=\"fusion-text fusion-text-8\" style=\"--awb-text-transform:none;\"><div class=\"fusion-text fusion-text-8\"><\/div>\n<p style=\"text-align: center;\"><strong>Fredrik Olsson<br \/>\n<\/strong><em>VD, Limo AB<\/em><br \/>\n011\u00a0\u2013\u00a0367101<\/p>\n<\/div><div class=\"fusion-text fusion-text-10\"><\/div><\/div><\/div><\/div><\/div><\/div>\n<\/p>\n","protected":false},"excerpt":{"rendered":"","protected":false},"author":7,"featured_media":0,"parent":0,"menu_order":0,"comment_status":"closed","ping_status":"closed","template":"100-width.php","meta":{"inline_featured_image":false,"footnotes":""},"class_list":["post-2490","page","type-page","status-publish","hentry"],"yoast_head":"<!-- This site is optimized with the Yoast SEO plugin v27.4 - https:\/\/yoast.com\/product\/yoast-seo-wordpress\/ -->\n<title>Limo s\u00e4kerhetsrum\u00ae | gummikl\u00e4dda rum | Limo Linatex Molystria AB<\/title>\n<meta name=\"description\" content=\"Vi skapar gummikl\u00e4dda rum f\u00f6r t.ex. uppvakningsrum f\u00f6r h\u00e4star, kor &amp; st\u00f6rre djur. Det minskar risken f\u00f6r skador &amp; underl\u00e4ttar st\u00e4dning.\" \/>\n<meta name=\"robots\" content=\"index, follow, max-snippet:-1, max-image-preview:large, max-video-preview:-1\" \/>\n<link rel=\"canonical\" href=\"https:\/\/www.limo.se\/en\/gummikladda-rum\/\" \/>\n<meta property=\"og:locale\" content=\"en_US\" \/>\n<meta property=\"og:type\" content=\"article\" \/>\n<meta property=\"og:title\" content=\"Limo s\u00e4kerhetsrum\u00ae | gummikl\u00e4dda rum | Limo Linatex Molystria AB\" \/>\n<meta property=\"og:description\" content=\"Vi skapar gummikl\u00e4dda gummirum f\u00f6r t.ex. uppvakningsrum f\u00f6r h\u00e4star, kor &amp; st\u00f6rre djur. Det minskar risken f\u00f6r skador &amp; underl\u00e4ttar st\u00e4dning.\" \/>\n<meta property=\"og:url\" content=\"https:\/\/www.limo.se\/en\/gummikladda-rum\/\" \/>\n<meta property=\"og:site_name\" content=\"Limo Linatex Molystria AB\" \/>\n<meta property=\"article:publisher\" content=\"https:\/\/www.facebook.com\/limoab\/\" \/>\n<meta property=\"article:modified_time\" content=\"2026-01-29T10:47:13+00:00\" \/>\n<meta name=\"twitter:card\" content=\"summary_large_image\" \/>\n<meta name=\"twitter:title\" content=\"Limo s\u00e4kerhetsrum\u00ae | gummikl\u00e4dda rum | Limo Linatex Molystria AB\" \/>\n<meta name=\"twitter:description\" content=\"Vi skapar gummikl\u00e4dda gummirum f\u00f6r t.ex. uppvakningsrum f\u00f6r h\u00e4star, kor &amp; st\u00f6rre djur. Det minskar risken f\u00f6r skador &amp; underl\u00e4ttar st\u00e4dning.\" \/>\n<meta name=\"twitter:label1\" content=\"Est. reading time\" \/>\n\t<meta name=\"twitter:data1\" content=\"4 minutes\" \/>\n<script type=\"application\/ld+json\" class=\"yoast-schema-graph\">{\"@context\":\"https:\\\/\\\/schema.org\",\"@graph\":[{\"@type\":\"WebPage\",\"@id\":\"https:\\\/\\\/www.limo.se\\\/gummikladda-rum\\\/\",\"url\":\"https:\\\/\\\/www.limo.se\\\/gummikladda-rum\\\/\",\"name\":\"Limo s\u00e4kerhetsrum\u00ae | gummikl\u00e4dda rum | Limo Linatex Molystria AB\",\"isPartOf\":{\"@id\":\"https:\\\/\\\/www.limo.se\\\/#website\"},\"datePublished\":\"2018-05-08T11:54:17+00:00\",\"dateModified\":\"2026-01-29T10:47:13+00:00\",\"description\":\"Vi skapar gummikl\u00e4dda rum f\u00f6r t.ex. uppvakningsrum f\u00f6r h\u00e4star, kor & st\u00f6rre djur. Det minskar risken f\u00f6r skador & underl\u00e4ttar st\u00e4dning.\",\"inLanguage\":\"en-US\",\"potentialAction\":[{\"@type\":\"ReadAction\",\"target\":[\"https:\\\/\\\/www.limo.se\\\/gummikladda-rum\\\/\"]}]},{\"@type\":\"WebSite\",\"@id\":\"https:\\\/\\\/www.limo.se\\\/#website\",\"url\":\"https:\\\/\\\/www.limo.se\\\/\",\"name\":\"Limo Linatex Molystria AB\",\"description\":\"\",\"publisher\":{\"@id\":\"https:\\\/\\\/www.limo.se\\\/#organization\"},\"potentialAction\":[{\"@type\":\"SearchAction\",\"target\":{\"@type\":\"EntryPoint\",\"urlTemplate\":\"https:\\\/\\\/www.limo.se\\\/?s={search_term_string}\"},\"query-input\":{\"@type\":\"PropertyValueSpecification\",\"valueRequired\":true,\"valueName\":\"search_term_string\"}}],\"inLanguage\":\"en-US\"},{\"@type\":\"Organization\",\"@id\":\"https:\\\/\\\/www.limo.se\\\/#organization\",\"name\":\"Limo Linatex Molystria AB\",\"alternateName\":\"Limo AB\",\"url\":\"https:\\\/\\\/www.limo.se\\\/\",\"logo\":{\"@type\":\"ImageObject\",\"inLanguage\":\"en-US\",\"@id\":\"https:\\\/\\\/www.limo.se\\\/#\\\/schema\\\/logo\\\/image\\\/\",\"url\":\"https:\\\/\\\/www.limo.se\\\/wp-content\\\/uploads\\\/Logga_google.png\",\"contentUrl\":\"https:\\\/\\\/www.limo.se\\\/wp-content\\\/uploads\\\/Logga_google.png\",\"width\":1200,\"height\":1100,\"caption\":\"Limo Linatex Molystria AB\"},\"image\":{\"@id\":\"https:\\\/\\\/www.limo.se\\\/#\\\/schema\\\/logo\\\/image\\\/\"},\"sameAs\":[\"https:\\\/\\\/www.facebook.com\\\/limoab\\\/\",\"https:\\\/\\\/www.linkedin.com\\\/company\\\/limo-ab\\\/\"]}]}<\/script>\n<!-- \/ Yoast SEO plugin. -->","yoast_head_json":{"title":"Limo s\u00e4kerhetsrum\u00ae | gummikl\u00e4dda rum | Limo Linatex Molystria AB","description":"Vi skapar gummikl\u00e4dda rum f\u00f6r t.ex. uppvakningsrum f\u00f6r h\u00e4star, kor & st\u00f6rre djur. Det minskar risken f\u00f6r skador & underl\u00e4ttar st\u00e4dning.","robots":{"index":"index","follow":"follow","max-snippet":"max-snippet:-1","max-image-preview":"max-image-preview:large","max-video-preview":"max-video-preview:-1"},"canonical":"https:\/\/www.limo.se\/en\/gummikladda-rum\/","og_locale":"en_US","og_type":"article","og_title":"Limo s\u00e4kerhetsrum\u00ae | gummikl\u00e4dda rum | Limo Linatex Molystria AB","og_description":"Vi skapar gummikl\u00e4dda gummirum f\u00f6r t.ex. uppvakningsrum f\u00f6r h\u00e4star, kor & st\u00f6rre djur. Det minskar risken f\u00f6r skador & underl\u00e4ttar st\u00e4dning.","og_url":"https:\/\/www.limo.se\/en\/gummikladda-rum\/","og_site_name":"Limo Linatex Molystria AB","article_publisher":"https:\/\/www.facebook.com\/limoab\/","article_modified_time":"2026-01-29T10:47:13+00:00","twitter_card":"summary_large_image","twitter_title":"Limo s\u00e4kerhetsrum\u00ae | gummikl\u00e4dda rum | Limo Linatex Molystria AB","twitter_description":"Vi skapar gummikl\u00e4dda gummirum f\u00f6r t.ex. uppvakningsrum f\u00f6r h\u00e4star, kor & st\u00f6rre djur. Det minskar risken f\u00f6r skador & underl\u00e4ttar st\u00e4dning.","twitter_misc":{"Est. reading time":"4 minutes"},"schema":{"@context":"https:\/\/schema.org","@graph":[{"@type":"WebPage","@id":"https:\/\/www.limo.se\/gummikladda-rum\/","url":"https:\/\/www.limo.se\/gummikladda-rum\/","name":"Limo s\u00e4kerhetsrum\u00ae | gummikl\u00e4dda rum | Limo Linatex Molystria AB","isPartOf":{"@id":"https:\/\/www.limo.se\/#website"},"datePublished":"2018-05-08T11:54:17+00:00","dateModified":"2026-01-29T10:47:13+00:00","description":"Vi skapar gummikl\u00e4dda rum f\u00f6r t.ex. uppvakningsrum f\u00f6r h\u00e4star, kor & st\u00f6rre djur. Det minskar risken f\u00f6r skador & underl\u00e4ttar st\u00e4dning.","inLanguage":"en-US","potentialAction":[{"@type":"ReadAction","target":["https:\/\/www.limo.se\/gummikladda-rum\/"]}]},{"@type":"WebSite","@id":"https:\/\/www.limo.se\/#website","url":"https:\/\/www.limo.se\/","name":"Limo Linatex Molystria AB","description":"","publisher":{"@id":"https:\/\/www.limo.se\/#organization"},"potentialAction":[{"@type":"SearchAction","target":{"@type":"EntryPoint","urlTemplate":"https:\/\/www.limo.se\/?s={search_term_string}"},"query-input":{"@type":"PropertyValueSpecification","valueRequired":true,"valueName":"search_term_string"}}],"inLanguage":"en-US"},{"@type":"Organization","@id":"https:\/\/www.limo.se\/#organization","name":"Limo Linatex Molystria AB","alternateName":"Limo AB","url":"https:\/\/www.limo.se\/","logo":{"@type":"ImageObject","inLanguage":"en-US","@id":"https:\/\/www.limo.se\/#\/schema\/logo\/image\/","url":"https:\/\/www.limo.se\/wp-content\/uploads\/Logga_google.png","contentUrl":"https:\/\/www.limo.se\/wp-content\/uploads\/Logga_google.png","width":1200,"height":1100,"caption":"Limo Linatex Molystria AB"},"image":{"@id":"https:\/\/www.limo.se\/#\/schema\/logo\/image\/"},"sameAs":["https:\/\/www.facebook.com\/limoab\/","https:\/\/www.linkedin.com\/company\/limo-ab\/"]}]}},"_links":{"self":[{"href":"https:\/\/www.limo.se\/en\/wp-json\/wp\/v2\/pages\/2490","targetHints":{"allow":["GET"]}}],"collection":[{"href":"https:\/\/www.limo.se\/en\/wp-json\/wp\/v2\/pages"}],"about":[{"href":"https:\/\/www.limo.se\/en\/wp-json\/wp\/v2\/types\/page"}],"author":[{"embeddable":true,"href":"https:\/\/www.limo.se\/en\/wp-json\/wp\/v2\/users\/7"}],"replies":[{"embeddable":true,"href":"https:\/\/www.limo.se\/en\/wp-json\/wp\/v2\/comments?post=2490"}],"version-history":[{"count":0,"href":"https:\/\/www.limo.se\/en\/wp-json\/wp\/v2\/pages\/2490\/revisions"}],"wp:attachment":[{"href":"https:\/\/www.limo.se\/en\/wp-json\/wp\/v2\/media?parent=2490"}],"curies":[{"name":"wp","href":"https:\/\/api.w.org\/{rel}","templated":true}]}}