{"id":3834,"date":"2021-06-02T14:42:36","date_gmt":"2021-06-02T12:42:36","guid":{"rendered":"https:\/\/www.limo.se\/?page_id=3834"},"modified":"2025-10-23T10:49:44","modified_gmt":"2025-10-23T08:49:44","slug":"betygformular","status":"publish","type":"page","link":"https:\/\/www.limo.se\/en\/betygformular\/","title":{"rendered":"Limo customer review"},"content":{"rendered":"<div class=\"fusion-fullwidth fullwidth-box fusion-builder-row-1 fusion-flex-container nonhundred-percent-fullwidth non-hundred-percent-height-scrolling\" style=\"--awb-border-radius-top-left:0px;--awb-border-radius-top-right:0px;--awb-border-radius-bottom-right:0px;--awb-border-radius-bottom-left:0px;--awb-flex-wrap:wrap;\" ><div class=\"fusion-builder-row fusion-row fusion-flex-align-items-flex-start fusion-flex-content-wrap\" style=\"max-width:1310.4px;margin-left: calc(-4% \/ 2 );margin-right: calc(-4% \/ 2 );\"><div class=\"fusion-layout-column fusion_builder_column fusion-builder-column-0 fusion_builder_column_3_5 3_5 fusion-flex-column\" style=\"--awb-bg-size:cover;--awb-width-large:60%;--awb-margin-top-large:0px;--awb-spacing-right-large:3.2%;--awb-margin-bottom-large:20px;--awb-spacing-left-large:3.2%;--awb-width-medium:60%;--awb-order-medium:0;--awb-spacing-right-medium:3.2%;--awb-spacing-left-medium:3.2%;--awb-width-small:100%;--awb-order-small:0;--awb-spacing-right-small:1.92%;--awb-spacing-left-small:1.92%;\"><div class=\"fusion-column-wrapper fusion-column-has-shadow fusion-flex-justify-content-flex-start fusion-content-layout-column\"><div class=\"fusion-separator fusion-full-width-sep\" style=\"align-self: center;margin-left: auto;margin-right: auto;margin-top:40px;width:100%;\"><\/div><div class=\"fusion-text fusion-text-1\"><p>\n<div class=\"frm_forms  with_frm_style frm_style_formidables-stilmall\" id=\"frm_form_2_container\" >\n<form enctype=\"multipart\/form-data\" method=\"post\" class=\"frm-show-form \" id=\"form_contact-form2\" >\n<div class=\"frm_form_fields \">\n<fieldset>\n<legend class=\"frm_screen_reader\">Limo kundbetyg!<\/legend>\r\n\r\n<div class=\"frm_fields_container\">\n<input type=\"hidden\" name=\"frm_action\" value=\"create\" \/>\n<input type=\"hidden\" name=\"form_id\" value=\"2\" \/>\n<input type=\"hidden\" name=\"frm_hide_fields_2\" id=\"frm_hide_fields_2\" value=\"\" \/>\n<input type=\"hidden\" name=\"form_key\" value=\"contact-form2\" \/>\n<input type=\"hidden\" name=\"item_meta[0]\" value=\"\" \/>\n<input type=\"hidden\" id=\"frm_submit_entry_2\" name=\"frm_submit_entry_2\" value=\"0efc8c4141\" \/><input type=\"hidden\" name=\"_wp_http_referer\" value=\"\/en\/wp-json\/wp\/v2\/pages\/3834\" \/><div id=\"frm_field_20_container\" class=\"frm_form_field  frm_html_container form-field\">\n<h2>Limo kundbetyg<\/h2>\n<p style=\"color: #000000 !important;\">Vi vill g\u00e4rna veta vad som fungerar bra och vad vi kan bli b\u00e4ttre p\u00e5. Markera nedan och skriv g\u00e4rna en motivering om vad som kan f\u00f6rb\u00e4ttras. Det g\u00e5r bra att vara anonym.<\/p>\n<\/div>\n<div id=\"frm_field_9_container\" class=\"frm_form_field form-field  frm_top_container frm12 frm_first\">\r\n\t<label for=\"field_qh4icy2\" id=\"field_qh4icy2_label\" class=\"frm_primary_label\">Namn eller f\u00f6retag (valfritt):\r\n\t\t<span class=\"frm_required\" aria-hidden=\"true\"><\/span>\r\n\t<\/label>\r\n\t<input type=\"text\" id=\"field_qh4icy2\" name=\"item_meta[9]\" value=\"\"  data-invmsg=\"Namn eller f\u00f6retag (valfritt): \u00e4r ogiltigt\" aria-invalid=\"false\"  \/>\r\n\t\r\n\t\r\n<\/div>\n<div id=\"frm_field_15_container\" class=\"frm_form_field form-field  frm_required_field frm_top_container vertical_radio\">\r\n\t<div  id=\"field_k626y_label\" class=\"frm_primary_label\">SERVICE:\r\n\t\t<span class=\"frm_required\" aria-hidden=\"true\">*<\/span>\r\n\t<\/div>\r\n\t<div class=\"frm_opt_container\" aria-labelledby=\"field_k626y_label\" role=\"radiogroup\" aria-required=\"true\">\t\t<div class=\"frm_radio\" id=\"frm_radio_15-0\">\t\t\t<label  for=\"field_k626y-0\">\n\t\t\t\t\t<input type=\"radio\" name=\"item_meta[15]\" id=\"field_k626y-0\" value=\"\ud83d\ude0d Mycket n\u00f6jd\"\n\t\t data-reqmsg=\"SERVICE: kan inte vara tom.\" data-invmsg=\"SERVICE: \u00e4r ogiltigt\"   \/> \ud83d\ude0d Mycket n\u00f6jd<\/label><\/div>\n\t\t<div class=\"frm_radio\" id=\"frm_radio_15-1\">\t\t\t<label  for=\"field_k626y-1\">\n\t\t\t\t\t<input type=\"radio\" name=\"item_meta[15]\" id=\"field_k626y-1\" value=\"\ud83d\udc4d N\u00f6jd\"\n\t\t data-reqmsg=\"SERVICE: kan inte vara tom.\" data-invmsg=\"SERVICE: \u00e4r ogiltigt\"   \/> \ud83d\udc4d N\u00f6jd<\/label><\/div>\n\t\t<div class=\"frm_radio\" id=\"frm_radio_15-2\">\t\t\t<label  for=\"field_k626y-2\">\n\t\t\t\t\t<input type=\"radio\" name=\"item_meta[15]\" id=\"field_k626y-2\" value=\"Neutral \/ Ingen \u00e5sikt\"\n\t\t data-reqmsg=\"SERVICE: kan inte vara tom.\" data-invmsg=\"SERVICE: \u00e4r ogiltigt\"   \/> Neutral \/ Ingen \u00e5sikt<\/label><\/div>\n\t\t<div class=\"frm_radio\" id=\"frm_radio_15-3\">\t\t\t<label  for=\"field_k626y-3\">\n\t\t\t\t\t<input type=\"radio\" name=\"item_meta[15]\" id=\"field_k626y-3\" value=\"\ud83d\udc4e Missn\u00f6jd\"\n\t\t data-reqmsg=\"SERVICE: kan inte vara tom.\" data-invmsg=\"SERVICE: \u00e4r ogiltigt\"   \/> \ud83d\udc4e Missn\u00f6jd<\/label><\/div>\n\t\t<div class=\"frm_radio\" id=\"frm_radio_15-4\">\t\t\t<label  for=\"field_k626y-4\">\n\t\t\t\t\t<input type=\"radio\" name=\"item_meta[15]\" id=\"field_k626y-4\" value=\"\ud83d\ude21 Mycket missn\u00f6jd\"\n\t\t data-reqmsg=\"SERVICE: kan inte vara tom.\" data-invmsg=\"SERVICE: \u00e4r ogiltigt\"   \/> \ud83d\ude21 Mycket missn\u00f6jd<\/label><\/div>\n<\/div>\r\n\t\r\n\t\r\n<\/div>\n<div id=\"frm_field_16_container\" class=\"frm_form_field form-field  frm_required_field frm_top_container vertical_radio\">\r\n\t<div  id=\"field_y30ec_label\" class=\"frm_primary_label\">PRODUKTER:\r\n\t\t<span class=\"frm_required\" aria-hidden=\"true\">*<\/span>\r\n\t<\/div>\r\n\t<div class=\"frm_opt_container\" aria-labelledby=\"field_y30ec_label\" role=\"radiogroup\" aria-required=\"true\">\t\t<div class=\"frm_radio\" id=\"frm_radio_16-0\">\t\t\t<label  for=\"field_y30ec-0\">\n\t\t\t\t\t<input type=\"radio\" name=\"item_meta[16]\" id=\"field_y30ec-0\" value=\"\ud83d\ude0d Mycket n\u00f6jd\"\n\t\t data-reqmsg=\"PRODUKTER: kan inte vara tom.\" data-invmsg=\"PRODUKTER: \u00e4r ogiltigt\"   \/> \ud83d\ude0d Mycket n\u00f6jd<\/label><\/div>\n\t\t<div class=\"frm_radio\" id=\"frm_radio_16-1\">\t\t\t<label  for=\"field_y30ec-1\">\n\t\t\t\t\t<input type=\"radio\" name=\"item_meta[16]\" id=\"field_y30ec-1\" value=\"\ud83d\udc4d N\u00f6jd\"\n\t\t data-reqmsg=\"PRODUKTER: kan inte vara tom.\" data-invmsg=\"PRODUKTER: \u00e4r ogiltigt\"   \/> \ud83d\udc4d N\u00f6jd<\/label><\/div>\n\t\t<div class=\"frm_radio\" id=\"frm_radio_16-2\">\t\t\t<label  for=\"field_y30ec-2\">\n\t\t\t\t\t<input type=\"radio\" name=\"item_meta[16]\" id=\"field_y30ec-2\" value=\"Neutral \/ Ingen \u00e5sikt\"\n\t\t data-reqmsg=\"PRODUKTER: kan inte vara tom.\" data-invmsg=\"PRODUKTER: \u00e4r ogiltigt\"   \/> Neutral \/ Ingen \u00e5sikt<\/label><\/div>\n\t\t<div class=\"frm_radio\" id=\"frm_radio_16-3\">\t\t\t<label  for=\"field_y30ec-3\">\n\t\t\t\t\t<input type=\"radio\" name=\"item_meta[16]\" id=\"field_y30ec-3\" value=\"\ud83d\udc4e Missn\u00f6jd\"\n\t\t data-reqmsg=\"PRODUKTER: kan inte vara tom.\" data-invmsg=\"PRODUKTER: \u00e4r ogiltigt\"   \/> \ud83d\udc4e Missn\u00f6jd<\/label><\/div>\n\t\t<div class=\"frm_radio\" id=\"frm_radio_16-4\">\t\t\t<label  for=\"field_y30ec-4\">\n\t\t\t\t\t<input type=\"radio\" name=\"item_meta[16]\" id=\"field_y30ec-4\" value=\"\ud83d\ude21 Mycket missn\u00f6jd\"\n\t\t data-reqmsg=\"PRODUKTER: kan inte vara tom.\" data-invmsg=\"PRODUKTER: \u00e4r ogiltigt\"   \/> \ud83d\ude21 Mycket missn\u00f6jd<\/label><\/div>\n<\/div>\r\n\t\r\n\t\r\n<\/div>\n<div id=\"frm_field_11_container\" class=\"frm_form_field form-field  frm_top_container frm_full\">\r\n\t<label for=\"field_9jv0r12\" id=\"field_9jv0r12_label\" class=\"frm_primary_label\">Motivering till betyget och f\u00f6rb\u00e4ttringsf\u00f6rslag (valfritt):\r\n\t\t<span class=\"frm_required\" aria-hidden=\"true\"><\/span>\r\n\t<\/label>\r\n\t<textarea name=\"item_meta[11]\" id=\"field_9jv0r12\" rows=\"5\"  data-invmsg=\"Motivering till betyget och f\u00f6rb\u00e4ttringsf\u00f6rslag (valfritt): is invalid\" aria-invalid=\"false\"  ><\/textarea>\r\n\t\r\n\t\r\n<\/div>\n<div id=\"frm_field_19_container\" class=\"frm_form_field  frm12 frm_first frm_html_container form-field\"><a href=\"\/om-foretaget\/gdpr\/\" target=\"_blank\" rel=\"noopener\">Visa integritetspolicy<\/a><\/div>\n<div id=\"frm_field_27_container\" class=\"frm_form_field form-field  frm_none_container\">\r\n\t<label for=\"cf-turnstile-response\" id=\"field_gx4gy_label\" class=\"frm_primary_label\">\r\n\t\t<span class=\"frm_required\" aria-hidden=\"true\"><\/span>\r\n\t<\/label>\r\n\t<div  id=\"field_gx4gy\" class=\"frm-cf-turnstile\" data-sitekey=\"0x4AAAAAACooEmpUXHVKtPkj\" data-language=\"en-US\" data-size=\"normal\" data-theme=\"light\"><\/div>\r\n\t\r\n\t\r\n<\/div>\n<div id=\"frm_field_13_container\" class=\"frm_form_field form-field \">\r\n\t<div class=\"frm_submit frm_flex\">\r\n<button class=\"frm_button_submit\" type=\"submit\"  >Skicka<\/button>\r\n\r\n\r\n\r\n<\/div>\r\n<\/div>\n\t<input type=\"hidden\" name=\"item_key\" value=\"\" \/>\n\t\t\t<div id=\"frm_field_33_container\">\n\t\t\t<label for=\"field_qn0xl\" >\n\t\t\t\tIf you are human, leave this field blank.\t\t\t<\/label>\n\t\t\t<input  id=\"field_qn0xl\" type=\"text\" class=\"frm_form_field form-field frm_verify\" name=\"item_meta[33]\" value=\"\"  \/>\n\t\t<\/div>\n\t\t<input name=\"frm_state\" type=\"hidden\" value=\"nbHEoDshv3YdZDgafUwrgYwyFmlYjgH4\/UxPa\/SkRbM=\" \/><\/div>\n<\/fieldset>\n<\/div>\n\n<\/form>\n<\/div>\n<\/p>\n<\/div><\/div><\/div><\/div><\/div>\n","protected":false},"excerpt":{"rendered":"","protected":false},"author":7,"featured_media":5424,"parent":0,"menu_order":0,"comment_status":"closed","ping_status":"closed","template":"100-width.php","meta":{"inline_featured_image":false,"footnotes":""},"class_list":["post-3834","page","type-page","status-publish","has-post-thumbnail","hentry"],"yoast_head":"<!-- This site is optimized with the Yoast SEO plugin v27.4 - https:\/\/yoast.com\/product\/yoast-seo-wordpress\/ -->\n<title>Limo kundbetyg | Limo Linatex Molystria AB<\/title>\n<meta name=\"description\" content=\"Vi tar g\u00e4rna emot feedback och f\u00f6rb\u00e4ttringsf\u00f6rslag fr\u00e5n kunder och leverant\u00f6rer s\u00e5 vi kan bli \u00e4nnu b\u00e4ttre. Sj\u00e4lvklart anonymt\" \/>\n<meta name=\"robots\" content=\"index, follow, max-snippet:-1, max-image-preview:large, max-video-preview:-1\" \/>\n<link rel=\"canonical\" href=\"https:\/\/www.limo.se\/en\/betygformular\/\" \/>\n<meta property=\"og:locale\" content=\"en_US\" \/>\n<meta property=\"og:type\" content=\"article\" \/>\n<meta property=\"og:title\" content=\"Limo kundbetyg | Limo Linatex Molystria AB\" \/>\n<meta property=\"og:description\" content=\"Vi tar g\u00e4rna emot feedback fr\u00e5n kunder och leverant\u00f6rer s\u00e5 vi kan bli \u00e4nnu b\u00e4ttre.\" \/>\n<meta property=\"og:url\" content=\"https:\/\/www.limo.se\/en\/betygformular\/\" \/>\n<meta property=\"og:site_name\" content=\"Limo Linatex Molystria AB\" \/>\n<meta property=\"article:publisher\" content=\"https:\/\/www.facebook.com\/limoab\/\" \/>\n<meta property=\"article:modified_time\" content=\"2025-10-23T08:49:44+00:00\" \/>\n<meta property=\"og:image\" content=\"https:\/\/www.limo.se\/wp-content\/uploads\/Logga_google.png\" \/>\n\t<meta property=\"og:image:width\" content=\"1200\" \/>\n\t<meta property=\"og:image:height\" content=\"1100\" \/>\n\t<meta property=\"og:image:type\" content=\"image\/png\" \/>\n<meta name=\"twitter:card\" content=\"summary_large_image\" \/>\n<meta name=\"twitter:title\" content=\"Limo kundbetyg | Limo Linatex Molystria AB\" \/>\n<meta name=\"twitter:description\" content=\"Vi tar g\u00e4rna emot feedback fr\u00e5n kunder och leverant\u00f6rer s\u00e5 vi kan bli \u00e4nnu b\u00e4ttre.\" \/>\n<meta name=\"twitter:image\" content=\"https:\/\/www.limo.se\/wp-content\/uploads\/Logga_google.png\" \/>\n<meta name=\"twitter:label1\" content=\"Est. reading time\" \/>\n\t<meta name=\"twitter:data1\" content=\"2 minutes\" \/>\n<script type=\"application\/ld+json\" class=\"yoast-schema-graph\">{\"@context\":\"https:\\\/\\\/schema.org\",\"@graph\":[{\"@type\":\"WebPage\",\"@id\":\"https:\\\/\\\/www.limo.se\\\/betygformular\\\/\",\"url\":\"https:\\\/\\\/www.limo.se\\\/betygformular\\\/\",\"name\":\"Limo kundbetyg | Limo Linatex Molystria AB\",\"isPartOf\":{\"@id\":\"https:\\\/\\\/www.limo.se\\\/#website\"},\"primaryImageOfPage\":{\"@id\":\"https:\\\/\\\/www.limo.se\\\/betygformular\\\/#primaryimage\"},\"image\":{\"@id\":\"https:\\\/\\\/www.limo.se\\\/betygformular\\\/#primaryimage\"},\"thumbnailUrl\":\"https:\\\/\\\/www.limo.se\\\/wp-content\\\/uploads\\\/Logga_google.png\",\"datePublished\":\"2021-06-02T12:42:36+00:00\",\"dateModified\":\"2025-10-23T08:49:44+00:00\",\"description\":\"Vi tar g\u00e4rna emot feedback och f\u00f6rb\u00e4ttringsf\u00f6rslag fr\u00e5n kunder och leverant\u00f6rer s\u00e5 vi kan bli \u00e4nnu b\u00e4ttre. Sj\u00e4lvklart anonymt\",\"inLanguage\":\"en-US\",\"potentialAction\":[{\"@type\":\"ReadAction\",\"target\":[\"https:\\\/\\\/www.limo.se\\\/betygformular\\\/\"]}]},{\"@type\":\"ImageObject\",\"inLanguage\":\"en-US\",\"@id\":\"https:\\\/\\\/www.limo.se\\\/betygformular\\\/#primaryimage\",\"url\":\"https:\\\/\\\/www.limo.se\\\/wp-content\\\/uploads\\\/Logga_google.png\",\"contentUrl\":\"https:\\\/\\\/www.limo.se\\\/wp-content\\\/uploads\\\/Logga_google.png\",\"width\":1200,\"height\":1100},{\"@type\":\"WebSite\",\"@id\":\"https:\\\/\\\/www.limo.se\\\/#website\",\"url\":\"https:\\\/\\\/www.limo.se\\\/\",\"name\":\"Limo Linatex Molystria AB\",\"description\":\"\",\"publisher\":{\"@id\":\"https:\\\/\\\/www.limo.se\\\/#organization\"},\"potentialAction\":[{\"@type\":\"SearchAction\",\"target\":{\"@type\":\"EntryPoint\",\"urlTemplate\":\"https:\\\/\\\/www.limo.se\\\/?s={search_term_string}\"},\"query-input\":{\"@type\":\"PropertyValueSpecification\",\"valueRequired\":true,\"valueName\":\"search_term_string\"}}],\"inLanguage\":\"en-US\"},{\"@type\":\"Organization\",\"@id\":\"https:\\\/\\\/www.limo.se\\\/#organization\",\"name\":\"Limo Linatex Molystria AB\",\"alternateName\":\"Limo AB\",\"url\":\"https:\\\/\\\/www.limo.se\\\/\",\"logo\":{\"@type\":\"ImageObject\",\"inLanguage\":\"en-US\",\"@id\":\"https:\\\/\\\/www.limo.se\\\/#\\\/schema\\\/logo\\\/image\\\/\",\"url\":\"https:\\\/\\\/www.limo.se\\\/wp-content\\\/uploads\\\/Logga_google.png\",\"contentUrl\":\"https:\\\/\\\/www.limo.se\\\/wp-content\\\/uploads\\\/Logga_google.png\",\"width\":1200,\"height\":1100,\"caption\":\"Limo Linatex Molystria AB\"},\"image\":{\"@id\":\"https:\\\/\\\/www.limo.se\\\/#\\\/schema\\\/logo\\\/image\\\/\"},\"sameAs\":[\"https:\\\/\\\/www.facebook.com\\\/limoab\\\/\",\"https:\\\/\\\/www.linkedin.com\\\/company\\\/limo-ab\\\/\"]}]}<\/script>\n<!-- \/ Yoast SEO plugin. -->","yoast_head_json":{"title":"Limo kundbetyg | Limo Linatex Molystria AB","description":"Vi tar g\u00e4rna emot feedback och f\u00f6rb\u00e4ttringsf\u00f6rslag fr\u00e5n kunder och leverant\u00f6rer s\u00e5 vi kan bli \u00e4nnu b\u00e4ttre. Sj\u00e4lvklart anonymt","robots":{"index":"index","follow":"follow","max-snippet":"max-snippet:-1","max-image-preview":"max-image-preview:large","max-video-preview":"max-video-preview:-1"},"canonical":"https:\/\/www.limo.se\/en\/betygformular\/","og_locale":"en_US","og_type":"article","og_title":"Limo kundbetyg | Limo Linatex Molystria AB","og_description":"Vi tar g\u00e4rna emot feedback fr\u00e5n kunder och leverant\u00f6rer s\u00e5 vi kan bli \u00e4nnu b\u00e4ttre.","og_url":"https:\/\/www.limo.se\/en\/betygformular\/","og_site_name":"Limo Linatex Molystria AB","article_publisher":"https:\/\/www.facebook.com\/limoab\/","article_modified_time":"2025-10-23T08:49:44+00:00","og_image":[{"width":1200,"height":1100,"url":"https:\/\/www.limo.se\/wp-content\/uploads\/Logga_google.png","type":"image\/png"}],"twitter_card":"summary_large_image","twitter_title":"Limo kundbetyg | Limo Linatex Molystria AB","twitter_description":"Vi tar g\u00e4rna emot feedback fr\u00e5n kunder och leverant\u00f6rer s\u00e5 vi kan bli \u00e4nnu b\u00e4ttre.","twitter_image":"https:\/\/www.limo.se\/wp-content\/uploads\/Logga_google.png","twitter_misc":{"Est. reading time":"2 minutes"},"schema":{"@context":"https:\/\/schema.org","@graph":[{"@type":"WebPage","@id":"https:\/\/www.limo.se\/betygformular\/","url":"https:\/\/www.limo.se\/betygformular\/","name":"Limo kundbetyg | Limo Linatex Molystria AB","isPartOf":{"@id":"https:\/\/www.limo.se\/#website"},"primaryImageOfPage":{"@id":"https:\/\/www.limo.se\/betygformular\/#primaryimage"},"image":{"@id":"https:\/\/www.limo.se\/betygformular\/#primaryimage"},"thumbnailUrl":"https:\/\/www.limo.se\/wp-content\/uploads\/Logga_google.png","datePublished":"2021-06-02T12:42:36+00:00","dateModified":"2025-10-23T08:49:44+00:00","description":"Vi tar g\u00e4rna emot feedback och f\u00f6rb\u00e4ttringsf\u00f6rslag fr\u00e5n kunder och leverant\u00f6rer s\u00e5 vi kan bli \u00e4nnu b\u00e4ttre. Sj\u00e4lvklart anonymt","inLanguage":"en-US","potentialAction":[{"@type":"ReadAction","target":["https:\/\/www.limo.se\/betygformular\/"]}]},{"@type":"ImageObject","inLanguage":"en-US","@id":"https:\/\/www.limo.se\/betygformular\/#primaryimage","url":"https:\/\/www.limo.se\/wp-content\/uploads\/Logga_google.png","contentUrl":"https:\/\/www.limo.se\/wp-content\/uploads\/Logga_google.png","width":1200,"height":1100},{"@type":"WebSite","@id":"https:\/\/www.limo.se\/#website","url":"https:\/\/www.limo.se\/","name":"Limo Linatex Molystria AB","description":"","publisher":{"@id":"https:\/\/www.limo.se\/#organization"},"potentialAction":[{"@type":"SearchAction","target":{"@type":"EntryPoint","urlTemplate":"https:\/\/www.limo.se\/?s={search_term_string}"},"query-input":{"@type":"PropertyValueSpecification","valueRequired":true,"valueName":"search_term_string"}}],"inLanguage":"en-US"},{"@type":"Organization","@id":"https:\/\/www.limo.se\/#organization","name":"Limo Linatex Molystria AB","alternateName":"Limo AB","url":"https:\/\/www.limo.se\/","logo":{"@type":"ImageObject","inLanguage":"en-US","@id":"https:\/\/www.limo.se\/#\/schema\/logo\/image\/","url":"https:\/\/www.limo.se\/wp-content\/uploads\/Logga_google.png","contentUrl":"https:\/\/www.limo.se\/wp-content\/uploads\/Logga_google.png","width":1200,"height":1100,"caption":"Limo Linatex Molystria AB"},"image":{"@id":"https:\/\/www.limo.se\/#\/schema\/logo\/image\/"},"sameAs":["https:\/\/www.facebook.com\/limoab\/","https:\/\/www.linkedin.com\/company\/limo-ab\/"]}]}},"_links":{"self":[{"href":"https:\/\/www.limo.se\/en\/wp-json\/wp\/v2\/pages\/3834","targetHints":{"allow":["GET"]}}],"collection":[{"href":"https:\/\/www.limo.se\/en\/wp-json\/wp\/v2\/pages"}],"about":[{"href":"https:\/\/www.limo.se\/en\/wp-json\/wp\/v2\/types\/page"}],"author":[{"embeddable":true,"href":"https:\/\/www.limo.se\/en\/wp-json\/wp\/v2\/users\/7"}],"replies":[{"embeddable":true,"href":"https:\/\/www.limo.se\/en\/wp-json\/wp\/v2\/comments?post=3834"}],"version-history":[{"count":0,"href":"https:\/\/www.limo.se\/en\/wp-json\/wp\/v2\/pages\/3834\/revisions"}],"wp:featuredmedia":[{"embeddable":true,"href":"https:\/\/www.limo.se\/en\/wp-json\/wp\/v2\/media\/5424"}],"wp:attachment":[{"href":"https:\/\/www.limo.se\/en\/wp-json\/wp\/v2\/media?parent=3834"}],"curies":[{"name":"wp","href":"https:\/\/api.w.org\/{rel}","templated":true}]}}