{"id":1223,"date":"2014-02-18T13:52:45","date_gmt":"2014-02-18T12:52:45","guid":{"rendered":"https:\/\/www.limo.se\/?post_type=product&#038;p=1223"},"modified":"2025-12-18T09:36:39","modified_gmt":"2025-12-18T08:36:39","slug":"paulstradyn-maskinsko","status":"publish","type":"product","link":"https:\/\/www.limo.se\/en\/snabbshop\/maskinskor-snabbshop\/paulstradyn-maskinsko\/","title":{"rendered":"Paulstradyn machine shoe"},"content":{"rendered":"<p>A unique machine shoe with many technical advantages. 90% vibration isolation already from 1500rpm (25Hz). Regardless of size, Paulstradyn has a 42mm installation height, to be able to be combined with varying weights. All metal parts are rubberized to prevent rusting, of course in oil-resistant rubber material.<\/p>","protected":false},"excerpt":{"rendered":"<p>A unique machine shoe with many technical advantages. 90% vibration isolation already from 1500rpm (25Hz). Regardless of size, Paulstradyn has a 42mm installation height, to be able to be combined with varying weights. All metal parts are rubberized to prevent rusting, of course in oil-resistant rubber material.<\/p>","protected":false},"featured_media":4550,"template":"","meta":{"inline_featured_image":false},"product_brand":[],"product_cat":[20],"product_tag":[],"class_list":{"0":"post-1223","1":"product","2":"type-product","3":"status-publish","4":"has-post-thumbnail","6":"product_cat-maskinskor-snabbshop","8":"first","9":"instock","10":"taxable","11":"shipping-taxable","12":"purchasable","13":"product-type-variable"},"yoast_head":"<!-- This site is optimized with the Yoast SEO plugin v27.4 - https:\/\/yoast.com\/product\/yoast-seo-wordpress\/ -->\n<title>Paulstradyn maskinsko | Limo Linatex Molystria AB<\/title>\n<meta name=\"description\" content=\"maskinsko med m\u00e5nga tekniska f\u00f6rdelar. 90% vibrationsisolation redan fr\u00e5n 1500rpm (25Hz). Oavsett storlek har Paulstradyn 42mm inbyggnadsh\u00f6jd.\" \/>\n<meta name=\"robots\" content=\"index, follow, max-snippet:-1, max-image-preview:large, max-video-preview:-1\" \/>\n<link rel=\"canonical\" href=\"https:\/\/www.limo.se\/en\/snabbshop\/maskinskor-snabbshop\/paulstradyn-maskinsko\/\" \/>\n<meta property=\"og:locale\" content=\"en_US\" \/>\n<meta property=\"og:type\" content=\"article\" \/>\n<meta property=\"og:title\" content=\"Paulstradyn maskinsko | Limo Linatex Molystria AB\" \/>\n<meta property=\"og:description\" content=\"maskinsko med m\u00e5nga tekniska f\u00f6rdelar. 90% vibrationsisolation redan fr\u00e5n 1500rpm (25Hz). Oavsett storlek har Paulstradyn 42mm inbyggnadsh\u00f6jd.\" \/>\n<meta property=\"og:url\" content=\"https:\/\/www.limo.se\/en\/snabbshop\/maskinskor-snabbshop\/paulstradyn-maskinsko\/\" \/>\n<meta property=\"og:site_name\" content=\"Limo Linatex Molystria AB\" \/>\n<meta property=\"article:publisher\" content=\"https:\/\/www.facebook.com\/limoab\/\" \/>\n<meta property=\"article:modified_time\" content=\"2025-12-18T08:36:39+00:00\" \/>\n<meta property=\"og:image\" content=\"https:\/\/www.limo.se\/wp-content\/uploads\/paulstradyn.png\" \/>\n\t<meta property=\"og:image:width\" content=\"1000\" \/>\n\t<meta property=\"og:image:height\" content=\"1000\" \/>\n\t<meta property=\"og:image:type\" content=\"image\/png\" \/>\n<meta name=\"twitter:card\" content=\"summary_large_image\" \/>\n<meta name=\"twitter:label1\" content=\"Est. reading time\" \/>\n\t<meta name=\"twitter:data1\" content=\"1 minute\" \/>\n<script type=\"application\/ld+json\" class=\"yoast-schema-graph\">{\"@context\":\"https:\\\/\\\/schema.org\",\"@graph\":[{\"@type\":[\"WebPage\",\"ItemPage\"],\"@id\":\"https:\\\/\\\/www.limo.se\\\/snabbshop\\\/maskinskor-snabbshop\\\/paulstradyn-maskinsko\\\/\",\"url\":\"https:\\\/\\\/www.limo.se\\\/snabbshop\\\/maskinskor-snabbshop\\\/paulstradyn-maskinsko\\\/\",\"name\":\"Paulstradyn maskinsko | Limo Linatex Molystria AB\",\"isPartOf\":{\"@id\":\"https:\\\/\\\/www.limo.se\\\/#website\"},\"primaryImageOfPage\":{\"@id\":\"https:\\\/\\\/www.limo.se\\\/snabbshop\\\/maskinskor-snabbshop\\\/paulstradyn-maskinsko\\\/#primaryimage\"},\"image\":{\"@id\":\"https:\\\/\\\/www.limo.se\\\/snabbshop\\\/maskinskor-snabbshop\\\/paulstradyn-maskinsko\\\/#primaryimage\"},\"thumbnailUrl\":\"https:\\\/\\\/www.limo.se\\\/wp-content\\\/uploads\\\/paulstradyn.png\",\"datePublished\":\"2014-02-18T12:52:45+00:00\",\"dateModified\":\"2025-12-18T08:36:39+00:00\",\"description\":\"maskinsko med m\u00e5nga tekniska f\u00f6rdelar. 90% vibrationsisolation redan fr\u00e5n 1500rpm (25Hz). Oavsett storlek har Paulstradyn 42mm inbyggnadsh\u00f6jd.\",\"breadcrumb\":{\"@id\":\"https:\\\/\\\/www.limo.se\\\/snabbshop\\\/maskinskor-snabbshop\\\/paulstradyn-maskinsko\\\/#breadcrumb\"},\"inLanguage\":\"en-US\",\"potentialAction\":[{\"@type\":\"ReadAction\",\"target\":[\"https:\\\/\\\/www.limo.se\\\/snabbshop\\\/maskinskor-snabbshop\\\/paulstradyn-maskinsko\\\/\"]}]},{\"@type\":\"ImageObject\",\"inLanguage\":\"en-US\",\"@id\":\"https:\\\/\\\/www.limo.se\\\/snabbshop\\\/maskinskor-snabbshop\\\/paulstradyn-maskinsko\\\/#primaryimage\",\"url\":\"https:\\\/\\\/www.limo.se\\\/wp-content\\\/uploads\\\/paulstradyn.png\",\"contentUrl\":\"https:\\\/\\\/www.limo.se\\\/wp-content\\\/uploads\\\/paulstradyn.png\",\"width\":1000,\"height\":1000,\"caption\":\"Paulstradyn\"},{\"@type\":\"BreadcrumbList\",\"@id\":\"https:\\\/\\\/www.limo.se\\\/snabbshop\\\/maskinskor-snabbshop\\\/paulstradyn-maskinsko\\\/#breadcrumb\",\"itemListElement\":[{\"@type\":\"ListItem\",\"position\":1,\"name\":\"Webshop\",\"item\":\"https:\\\/\\\/www.limo.se\\\/snabbshop\\\/\"},{\"@type\":\"ListItem\",\"position\":2,\"name\":\"Paulstradyn maskinsko\"}]},{\"@type\":\"WebSite\",\"@id\":\"https:\\\/\\\/www.limo.se\\\/#website\",\"url\":\"https:\\\/\\\/www.limo.se\\\/\",\"name\":\"Limo Linatex Molystria AB\",\"description\":\"\",\"publisher\":{\"@id\":\"https:\\\/\\\/www.limo.se\\\/#organization\"},\"potentialAction\":[{\"@type\":\"SearchAction\",\"target\":{\"@type\":\"EntryPoint\",\"urlTemplate\":\"https:\\\/\\\/www.limo.se\\\/?s={search_term_string}\"},\"query-input\":{\"@type\":\"PropertyValueSpecification\",\"valueRequired\":true,\"valueName\":\"search_term_string\"}}],\"inLanguage\":\"en-US\"},{\"@type\":\"Organization\",\"@id\":\"https:\\\/\\\/www.limo.se\\\/#organization\",\"name\":\"Limo Linatex Molystria AB\",\"alternateName\":\"Limo AB\",\"url\":\"https:\\\/\\\/www.limo.se\\\/\",\"logo\":{\"@type\":\"ImageObject\",\"inLanguage\":\"en-US\",\"@id\":\"https:\\\/\\\/www.limo.se\\\/#\\\/schema\\\/logo\\\/image\\\/\",\"url\":\"https:\\\/\\\/www.limo.se\\\/wp-content\\\/uploads\\\/Logga_google.png\",\"contentUrl\":\"https:\\\/\\\/www.limo.se\\\/wp-content\\\/uploads\\\/Logga_google.png\",\"width\":1200,\"height\":1100,\"caption\":\"Limo Linatex Molystria AB\"},\"image\":{\"@id\":\"https:\\\/\\\/www.limo.se\\\/#\\\/schema\\\/logo\\\/image\\\/\"},\"sameAs\":[\"https:\\\/\\\/www.facebook.com\\\/limoab\\\/\",\"https:\\\/\\\/www.linkedin.com\\\/company\\\/limo-ab\\\/\"]}]}<\/script>\n<!-- \/ Yoast SEO plugin. -->","yoast_head_json":{"title":"Paulstradyn maskinsko | Limo Linatex Molystria AB","description":"maskinsko med m\u00e5nga tekniska f\u00f6rdelar. 90% vibrationsisolation redan fr\u00e5n 1500rpm (25Hz). Oavsett storlek har Paulstradyn 42mm inbyggnadsh\u00f6jd.","robots":{"index":"index","follow":"follow","max-snippet":"max-snippet:-1","max-image-preview":"max-image-preview:large","max-video-preview":"max-video-preview:-1"},"canonical":"https:\/\/www.limo.se\/en\/snabbshop\/maskinskor-snabbshop\/paulstradyn-maskinsko\/","og_locale":"en_US","og_type":"article","og_title":"Paulstradyn maskinsko | Limo Linatex Molystria AB","og_description":"maskinsko med m\u00e5nga tekniska f\u00f6rdelar. 90% vibrationsisolation redan fr\u00e5n 1500rpm (25Hz). Oavsett storlek har Paulstradyn 42mm inbyggnadsh\u00f6jd.","og_url":"https:\/\/www.limo.se\/en\/snabbshop\/maskinskor-snabbshop\/paulstradyn-maskinsko\/","og_site_name":"Limo Linatex Molystria AB","article_publisher":"https:\/\/www.facebook.com\/limoab\/","article_modified_time":"2025-12-18T08:36:39+00:00","og_image":[{"url":"https:\/\/www.limo.se\/wp-content\/uploads\/paulstradyn.png","width":1000,"height":1000,"type":"image\/png"}],"twitter_card":"summary_large_image","twitter_misc":{"Est. reading time":"1 minute"},"schema":{"@context":"https:\/\/schema.org","@graph":[{"@type":["WebPage","ItemPage"],"@id":"https:\/\/www.limo.se\/snabbshop\/maskinskor-snabbshop\/paulstradyn-maskinsko\/","url":"https:\/\/www.limo.se\/snabbshop\/maskinskor-snabbshop\/paulstradyn-maskinsko\/","name":"Paulstradyn maskinsko | Limo Linatex Molystria AB","isPartOf":{"@id":"https:\/\/www.limo.se\/#website"},"primaryImageOfPage":{"@id":"https:\/\/www.limo.se\/snabbshop\/maskinskor-snabbshop\/paulstradyn-maskinsko\/#primaryimage"},"image":{"@id":"https:\/\/www.limo.se\/snabbshop\/maskinskor-snabbshop\/paulstradyn-maskinsko\/#primaryimage"},"thumbnailUrl":"https:\/\/www.limo.se\/wp-content\/uploads\/paulstradyn.png","datePublished":"2014-02-18T12:52:45+00:00","dateModified":"2025-12-18T08:36:39+00:00","description":"maskinsko med m\u00e5nga tekniska f\u00f6rdelar. 90% vibrationsisolation redan fr\u00e5n 1500rpm (25Hz). Oavsett storlek har Paulstradyn 42mm inbyggnadsh\u00f6jd.","breadcrumb":{"@id":"https:\/\/www.limo.se\/snabbshop\/maskinskor-snabbshop\/paulstradyn-maskinsko\/#breadcrumb"},"inLanguage":"en-US","potentialAction":[{"@type":"ReadAction","target":["https:\/\/www.limo.se\/snabbshop\/maskinskor-snabbshop\/paulstradyn-maskinsko\/"]}]},{"@type":"ImageObject","inLanguage":"en-US","@id":"https:\/\/www.limo.se\/snabbshop\/maskinskor-snabbshop\/paulstradyn-maskinsko\/#primaryimage","url":"https:\/\/www.limo.se\/wp-content\/uploads\/paulstradyn.png","contentUrl":"https:\/\/www.limo.se\/wp-content\/uploads\/paulstradyn.png","width":1000,"height":1000,"caption":"Paulstradyn"},{"@type":"BreadcrumbList","@id":"https:\/\/www.limo.se\/snabbshop\/maskinskor-snabbshop\/paulstradyn-maskinsko\/#breadcrumb","itemListElement":[{"@type":"ListItem","position":1,"name":"Webshop","item":"https:\/\/www.limo.se\/snabbshop\/"},{"@type":"ListItem","position":2,"name":"Paulstradyn maskinsko"}]},{"@type":"WebSite","@id":"https:\/\/www.limo.se\/#website","url":"https:\/\/www.limo.se\/","name":"Limo Linatex Molystria AB","description":"","publisher":{"@id":"https:\/\/www.limo.se\/#organization"},"potentialAction":[{"@type":"SearchAction","target":{"@type":"EntryPoint","urlTemplate":"https:\/\/www.limo.se\/?s={search_term_string}"},"query-input":{"@type":"PropertyValueSpecification","valueRequired":true,"valueName":"search_term_string"}}],"inLanguage":"en-US"},{"@type":"Organization","@id":"https:\/\/www.limo.se\/#organization","name":"Limo Linatex Molystria AB","alternateName":"Limo AB","url":"https:\/\/www.limo.se\/","logo":{"@type":"ImageObject","inLanguage":"en-US","@id":"https:\/\/www.limo.se\/#\/schema\/logo\/image\/","url":"https:\/\/www.limo.se\/wp-content\/uploads\/Logga_google.png","contentUrl":"https:\/\/www.limo.se\/wp-content\/uploads\/Logga_google.png","width":1200,"height":1100,"caption":"Limo Linatex Molystria AB"},"image":{"@id":"https:\/\/www.limo.se\/#\/schema\/logo\/image\/"},"sameAs":["https:\/\/www.facebook.com\/limoab\/","https:\/\/www.linkedin.com\/company\/limo-ab\/"]}]}},"_links":{"self":[{"href":"https:\/\/www.limo.se\/en\/wp-json\/wp\/v2\/product\/1223","targetHints":{"allow":["GET"]}}],"collection":[{"href":"https:\/\/www.limo.se\/en\/wp-json\/wp\/v2\/product"}],"about":[{"href":"https:\/\/www.limo.se\/en\/wp-json\/wp\/v2\/types\/product"}],"wp:featuredmedia":[{"embeddable":true,"href":"https:\/\/www.limo.se\/en\/wp-json\/wp\/v2\/media\/4550"}],"wp:attachment":[{"href":"https:\/\/www.limo.se\/en\/wp-json\/wp\/v2\/media?parent=1223"}],"wp:term":[{"taxonomy":"product_brand","embeddable":true,"href":"https:\/\/www.limo.se\/en\/wp-json\/wp\/v2\/product_brand?post=1223"},{"taxonomy":"product_cat","embeddable":true,"href":"https:\/\/www.limo.se\/en\/wp-json\/wp\/v2\/product_cat?post=1223"},{"taxonomy":"product_tag","embeddable":true,"href":"https:\/\/www.limo.se\/en\/wp-json\/wp\/v2\/product_tag?post=1223"}],"curies":[{"name":"wp","href":"https:\/\/api.w.org\/{rel}","templated":true}]}}