{"id":1480,"date":"2014-04-30T10:58:26","date_gmt":"2014-04-30T08:58:26","guid":{"rendered":"https:\/\/www.limo.se\/?post_type=product&#038;p=1480"},"modified":"2026-03-24T08:53:52","modified_gmt":"2026-03-24T07:53:52","slug":"rafflad-gummimatta","status":"publish","type":"product","link":"https:\/\/www.limo.se\/en\/snabbshop\/gummimattor-snabbshop\/rafflad-gummimatta\/","title":{"rendered":"Ribbed rubber rug"},"content":{"rendered":"","protected":false},"excerpt":{"rendered":"<p>Gray or black ribbed rubber mat in various designs.<\/p>\n<p>&nbsp;<\/p>\n<p><strong>Select from the list below which specifications are needed, the lists are automatically updated in real time as the selections are made and only show possible combinations but it does matter in which order the selections are made. Note! All fields must be selected to receive a price and item number.<\/strong><\/p>\n<p>&nbsp;<\/p>\n<p><strong>The price is stated per meter, enter number = running meter. Max 10m per roll.<\/strong><\/p>","protected":false},"featured_media":4749,"template":"","meta":{"inline_featured_image":false},"product_brand":[],"product_cat":[50],"product_tag":[],"class_list":{"0":"post-1480","1":"product","2":"type-product","3":"status-publish","4":"has-post-thumbnail","6":"product_cat-gummimattor-snabbshop","8":"first","9":"instock","10":"taxable","11":"shipping-taxable","12":"purchasable","13":"product-type-variable"},"yoast_head":"<!-- This site is optimized with the Yoast SEO plugin v27.4 - https:\/\/yoast.com\/product\/yoast-seo-wordpress\/ -->\n<title>R\u00e4fflad gummimatta | Limo Linatex Molystria AB<\/title>\n<meta name=\"description\" content=\"Gr\u00e5 eller svart r\u00e4fflad gummimatta i olika utf\u00f6rande.\" \/>\n<meta name=\"robots\" content=\"index, follow, max-snippet:-1, max-image-preview:large, max-video-preview:-1\" \/>\n<link rel=\"canonical\" href=\"https:\/\/www.limo.se\/en\/snabbshop\/gummimattor-snabbshop\/rafflad-gummimatta\/\" \/>\n<meta property=\"og:locale\" content=\"en_US\" \/>\n<meta property=\"og:type\" content=\"article\" \/>\n<meta property=\"og:title\" content=\"R\u00e4fflad gummimatta | Limo Linatex Molystria AB\" \/>\n<meta property=\"og:description\" content=\"Gr\u00e5 eller svart r\u00e4fflad gummimatta i olika utf\u00f6rande.\" \/>\n<meta property=\"og:url\" content=\"https:\/\/www.limo.se\/en\/snabbshop\/gummimattor-snabbshop\/rafflad-gummimatta\/\" \/>\n<meta property=\"og:site_name\" content=\"Limo Linatex Molystria AB\" \/>\n<meta property=\"article:publisher\" content=\"https:\/\/www.facebook.com\/limoab\/\" \/>\n<meta property=\"article:modified_time\" content=\"2026-03-24T07:53:52+00:00\" \/>\n<meta property=\"og:image\" content=\"https:\/\/www.limo.se\/wp-content\/uploads\/rafflad_gummimatta_gra.png\" \/>\n\t<meta property=\"og:image:width\" content=\"1000\" \/>\n\t<meta property=\"og:image:height\" content=\"1000\" \/>\n\t<meta property=\"og:image:type\" content=\"image\/png\" \/>\n<meta name=\"twitter:card\" content=\"summary_large_image\" \/>\n<meta name=\"twitter:label1\" content=\"Est. reading time\" \/>\n\t<meta name=\"twitter:data1\" content=\"1 minute\" \/>\n<script type=\"application\/ld+json\" class=\"yoast-schema-graph\">{\"@context\":\"https:\\\/\\\/schema.org\",\"@graph\":[{\"@type\":[\"WebPage\",\"ItemPage\"],\"@id\":\"https:\\\/\\\/www.limo.se\\\/snabbshop\\\/gummimattor-snabbshop\\\/rafflad-gummimatta\\\/\",\"url\":\"https:\\\/\\\/www.limo.se\\\/snabbshop\\\/gummimattor-snabbshop\\\/rafflad-gummimatta\\\/\",\"name\":\"R\u00e4fflad gummimatta | Limo Linatex Molystria AB\",\"isPartOf\":{\"@id\":\"https:\\\/\\\/www.limo.se\\\/#website\"},\"primaryImageOfPage\":{\"@id\":\"https:\\\/\\\/www.limo.se\\\/snabbshop\\\/gummimattor-snabbshop\\\/rafflad-gummimatta\\\/#primaryimage\"},\"image\":{\"@id\":\"https:\\\/\\\/www.limo.se\\\/snabbshop\\\/gummimattor-snabbshop\\\/rafflad-gummimatta\\\/#primaryimage\"},\"thumbnailUrl\":\"https:\\\/\\\/www.limo.se\\\/wp-content\\\/uploads\\\/rafflad_gummimatta_gra.png\",\"datePublished\":\"2014-04-30T08:58:26+00:00\",\"dateModified\":\"2026-03-24T07:53:52+00:00\",\"description\":\"Gr\u00e5 eller svart r\u00e4fflad gummimatta i olika utf\u00f6rande.\",\"breadcrumb\":{\"@id\":\"https:\\\/\\\/www.limo.se\\\/snabbshop\\\/gummimattor-snabbshop\\\/rafflad-gummimatta\\\/#breadcrumb\"},\"inLanguage\":\"en-US\",\"potentialAction\":[{\"@type\":\"ReadAction\",\"target\":[\"https:\\\/\\\/www.limo.se\\\/snabbshop\\\/gummimattor-snabbshop\\\/rafflad-gummimatta\\\/\"]}]},{\"@type\":\"ImageObject\",\"inLanguage\":\"en-US\",\"@id\":\"https:\\\/\\\/www.limo.se\\\/snabbshop\\\/gummimattor-snabbshop\\\/rafflad-gummimatta\\\/#primaryimage\",\"url\":\"https:\\\/\\\/www.limo.se\\\/wp-content\\\/uploads\\\/rafflad_gummimatta_gra.png\",\"contentUrl\":\"https:\\\/\\\/www.limo.se\\\/wp-content\\\/uploads\\\/rafflad_gummimatta_gra.png\",\"width\":1000,\"height\":1000,\"caption\":\"Gummimatta\"},{\"@type\":\"BreadcrumbList\",\"@id\":\"https:\\\/\\\/www.limo.se\\\/snabbshop\\\/gummimattor-snabbshop\\\/rafflad-gummimatta\\\/#breadcrumb\",\"itemListElement\":[{\"@type\":\"ListItem\",\"position\":1,\"name\":\"Webshop\",\"item\":\"https:\\\/\\\/www.limo.se\\\/snabbshop\\\/\"},{\"@type\":\"ListItem\",\"position\":2,\"name\":\"R\u00e4fflad gummimatta\"}]},{\"@type\":\"WebSite\",\"@id\":\"https:\\\/\\\/www.limo.se\\\/#website\",\"url\":\"https:\\\/\\\/www.limo.se\\\/\",\"name\":\"Limo Linatex Molystria AB\",\"description\":\"\",\"publisher\":{\"@id\":\"https:\\\/\\\/www.limo.se\\\/#organization\"},\"potentialAction\":[{\"@type\":\"SearchAction\",\"target\":{\"@type\":\"EntryPoint\",\"urlTemplate\":\"https:\\\/\\\/www.limo.se\\\/?s={search_term_string}\"},\"query-input\":{\"@type\":\"PropertyValueSpecification\",\"valueRequired\":true,\"valueName\":\"search_term_string\"}}],\"inLanguage\":\"en-US\"},{\"@type\":\"Organization\",\"@id\":\"https:\\\/\\\/www.limo.se\\\/#organization\",\"name\":\"Limo Linatex Molystria AB\",\"alternateName\":\"Limo AB\",\"url\":\"https:\\\/\\\/www.limo.se\\\/\",\"logo\":{\"@type\":\"ImageObject\",\"inLanguage\":\"en-US\",\"@id\":\"https:\\\/\\\/www.limo.se\\\/#\\\/schema\\\/logo\\\/image\\\/\",\"url\":\"https:\\\/\\\/www.limo.se\\\/wp-content\\\/uploads\\\/Logga_google.png\",\"contentUrl\":\"https:\\\/\\\/www.limo.se\\\/wp-content\\\/uploads\\\/Logga_google.png\",\"width\":1200,\"height\":1100,\"caption\":\"Limo Linatex Molystria AB\"},\"image\":{\"@id\":\"https:\\\/\\\/www.limo.se\\\/#\\\/schema\\\/logo\\\/image\\\/\"},\"sameAs\":[\"https:\\\/\\\/www.facebook.com\\\/limoab\\\/\",\"https:\\\/\\\/www.linkedin.com\\\/company\\\/limo-ab\\\/\"]}]}<\/script>\n<!-- \/ Yoast SEO plugin. -->","yoast_head_json":{"title":"R\u00e4fflad gummimatta | Limo Linatex Molystria AB","description":"Gray or black ribbed rubber mat in various designs.","robots":{"index":"index","follow":"follow","max-snippet":"max-snippet:-1","max-image-preview":"max-image-preview:large","max-video-preview":"max-video-preview:-1"},"canonical":"https:\/\/www.limo.se\/en\/snabbshop\/gummimattor-snabbshop\/rafflad-gummimatta\/","og_locale":"en_US","og_type":"article","og_title":"R\u00e4fflad gummimatta | Limo Linatex Molystria AB","og_description":"Gr\u00e5 eller svart r\u00e4fflad gummimatta i olika utf\u00f6rande.","og_url":"https:\/\/www.limo.se\/en\/snabbshop\/gummimattor-snabbshop\/rafflad-gummimatta\/","og_site_name":"Limo Linatex Molystria AB","article_publisher":"https:\/\/www.facebook.com\/limoab\/","article_modified_time":"2026-03-24T07:53:52+00:00","og_image":[{"url":"https:\/\/www.limo.se\/wp-content\/uploads\/rafflad_gummimatta_gra.png","width":1000,"height":1000,"type":"image\/png"}],"twitter_card":"summary_large_image","twitter_misc":{"Est. reading time":"1 minute"},"schema":{"@context":"https:\/\/schema.org","@graph":[{"@type":["WebPage","ItemPage"],"@id":"https:\/\/www.limo.se\/snabbshop\/gummimattor-snabbshop\/rafflad-gummimatta\/","url":"https:\/\/www.limo.se\/snabbshop\/gummimattor-snabbshop\/rafflad-gummimatta\/","name":"R\u00e4fflad gummimatta | Limo Linatex Molystria AB","isPartOf":{"@id":"https:\/\/www.limo.se\/#website"},"primaryImageOfPage":{"@id":"https:\/\/www.limo.se\/snabbshop\/gummimattor-snabbshop\/rafflad-gummimatta\/#primaryimage"},"image":{"@id":"https:\/\/www.limo.se\/snabbshop\/gummimattor-snabbshop\/rafflad-gummimatta\/#primaryimage"},"thumbnailUrl":"https:\/\/www.limo.se\/wp-content\/uploads\/rafflad_gummimatta_gra.png","datePublished":"2014-04-30T08:58:26+00:00","dateModified":"2026-03-24T07:53:52+00:00","description":"Gray or black ribbed rubber mat in various designs.","breadcrumb":{"@id":"https:\/\/www.limo.se\/snabbshop\/gummimattor-snabbshop\/rafflad-gummimatta\/#breadcrumb"},"inLanguage":"en-US","potentialAction":[{"@type":"ReadAction","target":["https:\/\/www.limo.se\/snabbshop\/gummimattor-snabbshop\/rafflad-gummimatta\/"]}]},{"@type":"ImageObject","inLanguage":"en-US","@id":"https:\/\/www.limo.se\/snabbshop\/gummimattor-snabbshop\/rafflad-gummimatta\/#primaryimage","url":"https:\/\/www.limo.se\/wp-content\/uploads\/rafflad_gummimatta_gra.png","contentUrl":"https:\/\/www.limo.se\/wp-content\/uploads\/rafflad_gummimatta_gra.png","width":1000,"height":1000,"caption":"Gummimatta"},{"@type":"BreadcrumbList","@id":"https:\/\/www.limo.se\/snabbshop\/gummimattor-snabbshop\/rafflad-gummimatta\/#breadcrumb","itemListElement":[{"@type":"ListItem","position":1,"name":"Webshop","item":"https:\/\/www.limo.se\/snabbshop\/"},{"@type":"ListItem","position":2,"name":"R\u00e4fflad gummimatta"}]},{"@type":"WebSite","@id":"https:\/\/www.limo.se\/#website","url":"https:\/\/www.limo.se\/","name":"Limo Linatex Molystria AB","description":"","publisher":{"@id":"https:\/\/www.limo.se\/#organization"},"potentialAction":[{"@type":"SearchAction","target":{"@type":"EntryPoint","urlTemplate":"https:\/\/www.limo.se\/?s={search_term_string}"},"query-input":{"@type":"PropertyValueSpecification","valueRequired":true,"valueName":"search_term_string"}}],"inLanguage":"en-US"},{"@type":"Organization","@id":"https:\/\/www.limo.se\/#organization","name":"Limo Linatex Molystria AB","alternateName":"Limo AB","url":"https:\/\/www.limo.se\/","logo":{"@type":"ImageObject","inLanguage":"en-US","@id":"https:\/\/www.limo.se\/#\/schema\/logo\/image\/","url":"https:\/\/www.limo.se\/wp-content\/uploads\/Logga_google.png","contentUrl":"https:\/\/www.limo.se\/wp-content\/uploads\/Logga_google.png","width":1200,"height":1100,"caption":"Limo Linatex Molystria AB"},"image":{"@id":"https:\/\/www.limo.se\/#\/schema\/logo\/image\/"},"sameAs":["https:\/\/www.facebook.com\/limoab\/","https:\/\/www.linkedin.com\/company\/limo-ab\/"]}]}},"_links":{"self":[{"href":"https:\/\/www.limo.se\/en\/wp-json\/wp\/v2\/product\/1480","targetHints":{"allow":["GET"]}}],"collection":[{"href":"https:\/\/www.limo.se\/en\/wp-json\/wp\/v2\/product"}],"about":[{"href":"https:\/\/www.limo.se\/en\/wp-json\/wp\/v2\/types\/product"}],"wp:featuredmedia":[{"embeddable":true,"href":"https:\/\/www.limo.se\/en\/wp-json\/wp\/v2\/media\/4749"}],"wp:attachment":[{"href":"https:\/\/www.limo.se\/en\/wp-json\/wp\/v2\/media?parent=1480"}],"wp:term":[{"taxonomy":"product_brand","embeddable":true,"href":"https:\/\/www.limo.se\/en\/wp-json\/wp\/v2\/product_brand?post=1480"},{"taxonomy":"product_cat","embeddable":true,"href":"https:\/\/www.limo.se\/en\/wp-json\/wp\/v2\/product_cat?post=1480"},{"taxonomy":"product_tag","embeddable":true,"href":"https:\/\/www.limo.se\/en\/wp-json\/wp\/v2\/product_tag?post=1480"}],"curies":[{"name":"wp","href":"https:\/\/api.w.org\/{rel}","templated":true}]}}