{"id":1532,"date":"2014-04-30T14:00:24","date_gmt":"2014-04-30T12:00:24","guid":{"rendered":"https:\/\/www.limo.se\/?post_type=product&#038;p=1532"},"modified":"2025-12-17T16:05:38","modified_gmt":"2025-12-17T15:05:38","slug":"linatex-fg-livsmedelsgummi","status":"publish","type":"product","link":"https:\/\/www.limo.se\/en\/snabbshop\/gummi-snabbshop\/linatex-fg-livsmedelsgummi\/","title":{"rendered":"Silicone rubber"},"content":{"rendered":"","protected":false},"excerpt":{"rendered":"<p>Silicone rubber is used for applications in the pharmaceutical industry and can also withstand very high temperatures approx. +225\u00b0C max.<\/p>\n<p>&nbsp;<\/p>\n<p><strong>Levereras i bredd 1200 mm. Priset anges per meter, ange antal = l\u00f6pmeter.<\/strong><\/p>\n<p>&nbsp;<\/p>","protected":false},"featured_media":4750,"template":"","meta":{"inline_featured_image":false},"product_brand":[],"product_cat":[51],"product_tag":[],"class_list":{"0":"post-1532","1":"product","2":"type-product","3":"status-publish","4":"has-post-thumbnail","6":"product_cat-gummi-snabbshop","8":"first","9":"instock","10":"taxable","11":"shipping-taxable","12":"purchasable","13":"product-type-variable"},"yoast_head":"<!-- This site is optimized with the Yoast SEO plugin v27.4 - https:\/\/yoast.com\/product\/yoast-seo-wordpress\/ -->\n<title>Silikongummi | Limo Linatex Molystria AB<\/title>\n<meta name=\"description\" content=\"Silikongummi anv\u00e4nds till applikationer inom l\u00e4kemedelsindustrin och t\u00e5l \u00e4ven mycket h\u00f6ga temperaturer\" \/>\n<meta name=\"robots\" content=\"index, follow, max-snippet:-1, max-image-preview:large, max-video-preview:-1\" \/>\n<link rel=\"canonical\" href=\"https:\/\/www.limo.se\/en\/snabbshop\/gummi-snabbshop\/linatex-fg-livsmedelsgummi\/\" \/>\n<meta property=\"og:locale\" content=\"en_US\" \/>\n<meta property=\"og:type\" content=\"article\" \/>\n<meta property=\"og:title\" content=\"Silikongummi | Limo Linatex Molystria AB\" \/>\n<meta property=\"og:description\" content=\"Silikongummi anv\u00e4nds till applikationer inom l\u00e4kemedelsindustrin och t\u00e5l \u00e4ven mycket h\u00f6ga temperaturer\" \/>\n<meta property=\"og:url\" content=\"https:\/\/www.limo.se\/en\/snabbshop\/gummi-snabbshop\/linatex-fg-livsmedelsgummi\/\" \/>\n<meta property=\"og:site_name\" content=\"Limo Linatex Molystria AB\" \/>\n<meta property=\"article:publisher\" content=\"https:\/\/www.facebook.com\/limoab\/\" \/>\n<meta property=\"article:modified_time\" content=\"2025-12-17T15:05:38+00:00\" \/>\n<meta property=\"og:image\" content=\"https:\/\/www.limo.se\/wp-content\/uploads\/147-4-silicone6.png\" \/>\n\t<meta property=\"og:image:width\" content=\"1000\" \/>\n\t<meta property=\"og:image:height\" content=\"1000\" \/>\n\t<meta property=\"og:image:type\" content=\"image\/png\" \/>\n<meta name=\"twitter:card\" content=\"summary_large_image\" \/>\n<meta name=\"twitter:label1\" content=\"Est. reading time\" \/>\n\t<meta name=\"twitter:data1\" content=\"1 minute\" \/>\n<script type=\"application\/ld+json\" class=\"yoast-schema-graph\">{\"@context\":\"https:\\\/\\\/schema.org\",\"@graph\":[{\"@type\":[\"WebPage\",\"ItemPage\"],\"@id\":\"https:\\\/\\\/www.limo.se\\\/snabbshop\\\/gummi-snabbshop\\\/linatex-fg-livsmedelsgummi\\\/\",\"url\":\"https:\\\/\\\/www.limo.se\\\/snabbshop\\\/gummi-snabbshop\\\/linatex-fg-livsmedelsgummi\\\/\",\"name\":\"Silikongummi | Limo Linatex Molystria AB\",\"isPartOf\":{\"@id\":\"https:\\\/\\\/www.limo.se\\\/#website\"},\"primaryImageOfPage\":{\"@id\":\"https:\\\/\\\/www.limo.se\\\/snabbshop\\\/gummi-snabbshop\\\/linatex-fg-livsmedelsgummi\\\/#primaryimage\"},\"image\":{\"@id\":\"https:\\\/\\\/www.limo.se\\\/snabbshop\\\/gummi-snabbshop\\\/linatex-fg-livsmedelsgummi\\\/#primaryimage\"},\"thumbnailUrl\":\"https:\\\/\\\/www.limo.se\\\/wp-content\\\/uploads\\\/147-4-silicone6.png\",\"datePublished\":\"2014-04-30T12:00:24+00:00\",\"dateModified\":\"2025-12-17T15:05:38+00:00\",\"description\":\"Silikongummi anv\u00e4nds till applikationer inom l\u00e4kemedelsindustrin och t\u00e5l \u00e4ven mycket h\u00f6ga temperaturer\",\"breadcrumb\":{\"@id\":\"https:\\\/\\\/www.limo.se\\\/snabbshop\\\/gummi-snabbshop\\\/linatex-fg-livsmedelsgummi\\\/#breadcrumb\"},\"inLanguage\":\"en-US\",\"potentialAction\":[{\"@type\":\"ReadAction\",\"target\":[\"https:\\\/\\\/www.limo.se\\\/snabbshop\\\/gummi-snabbshop\\\/linatex-fg-livsmedelsgummi\\\/\"]}]},{\"@type\":\"ImageObject\",\"inLanguage\":\"en-US\",\"@id\":\"https:\\\/\\\/www.limo.se\\\/snabbshop\\\/gummi-snabbshop\\\/linatex-fg-livsmedelsgummi\\\/#primaryimage\",\"url\":\"https:\\\/\\\/www.limo.se\\\/wp-content\\\/uploads\\\/147-4-silicone6.png\",\"contentUrl\":\"https:\\\/\\\/www.limo.se\\\/wp-content\\\/uploads\\\/147-4-silicone6.png\",\"width\":1000,\"height\":1000,\"caption\":\"Gummi - Silikon\"},{\"@type\":\"BreadcrumbList\",\"@id\":\"https:\\\/\\\/www.limo.se\\\/snabbshop\\\/gummi-snabbshop\\\/linatex-fg-livsmedelsgummi\\\/#breadcrumb\",\"itemListElement\":[{\"@type\":\"ListItem\",\"position\":1,\"name\":\"Webshop\",\"item\":\"https:\\\/\\\/www.limo.se\\\/snabbshop\\\/\"},{\"@type\":\"ListItem\",\"position\":2,\"name\":\"Silikongummi\"}]},{\"@type\":\"WebSite\",\"@id\":\"https:\\\/\\\/www.limo.se\\\/#website\",\"url\":\"https:\\\/\\\/www.limo.se\\\/\",\"name\":\"Limo Linatex Molystria AB\",\"description\":\"\",\"publisher\":{\"@id\":\"https:\\\/\\\/www.limo.se\\\/#organization\"},\"potentialAction\":[{\"@type\":\"SearchAction\",\"target\":{\"@type\":\"EntryPoint\",\"urlTemplate\":\"https:\\\/\\\/www.limo.se\\\/?s={search_term_string}\"},\"query-input\":{\"@type\":\"PropertyValueSpecification\",\"valueRequired\":true,\"valueName\":\"search_term_string\"}}],\"inLanguage\":\"en-US\"},{\"@type\":\"Organization\",\"@id\":\"https:\\\/\\\/www.limo.se\\\/#organization\",\"name\":\"Limo Linatex Molystria AB\",\"alternateName\":\"Limo AB\",\"url\":\"https:\\\/\\\/www.limo.se\\\/\",\"logo\":{\"@type\":\"ImageObject\",\"inLanguage\":\"en-US\",\"@id\":\"https:\\\/\\\/www.limo.se\\\/#\\\/schema\\\/logo\\\/image\\\/\",\"url\":\"https:\\\/\\\/www.limo.se\\\/wp-content\\\/uploads\\\/Logga_google.png\",\"contentUrl\":\"https:\\\/\\\/www.limo.se\\\/wp-content\\\/uploads\\\/Logga_google.png\",\"width\":1200,\"height\":1100,\"caption\":\"Limo Linatex Molystria AB\"},\"image\":{\"@id\":\"https:\\\/\\\/www.limo.se\\\/#\\\/schema\\\/logo\\\/image\\\/\"},\"sameAs\":[\"https:\\\/\\\/www.facebook.com\\\/limoab\\\/\",\"https:\\\/\\\/www.linkedin.com\\\/company\\\/limo-ab\\\/\"]}]}<\/script>\n<!-- \/ Yoast SEO plugin. -->","yoast_head_json":{"title":"Silikongummi | Limo Linatex Molystria AB","description":"Silikongummi anv\u00e4nds till applikationer inom l\u00e4kemedelsindustrin och t\u00e5l \u00e4ven mycket h\u00f6ga temperaturer","robots":{"index":"index","follow":"follow","max-snippet":"max-snippet:-1","max-image-preview":"max-image-preview:large","max-video-preview":"max-video-preview:-1"},"canonical":"https:\/\/www.limo.se\/en\/snabbshop\/gummi-snabbshop\/linatex-fg-livsmedelsgummi\/","og_locale":"en_US","og_type":"article","og_title":"Silikongummi | Limo Linatex Molystria AB","og_description":"Silikongummi anv\u00e4nds till applikationer inom l\u00e4kemedelsindustrin och t\u00e5l \u00e4ven mycket h\u00f6ga temperaturer","og_url":"https:\/\/www.limo.se\/en\/snabbshop\/gummi-snabbshop\/linatex-fg-livsmedelsgummi\/","og_site_name":"Limo Linatex Molystria AB","article_publisher":"https:\/\/www.facebook.com\/limoab\/","article_modified_time":"2025-12-17T15:05:38+00:00","og_image":[{"url":"https:\/\/www.limo.se\/wp-content\/uploads\/147-4-silicone6.png","width":1000,"height":1000,"type":"image\/png"}],"twitter_card":"summary_large_image","twitter_misc":{"Est. reading time":"1 minute"},"schema":{"@context":"https:\/\/schema.org","@graph":[{"@type":["WebPage","ItemPage"],"@id":"https:\/\/www.limo.se\/snabbshop\/gummi-snabbshop\/linatex-fg-livsmedelsgummi\/","url":"https:\/\/www.limo.se\/snabbshop\/gummi-snabbshop\/linatex-fg-livsmedelsgummi\/","name":"Silikongummi | Limo Linatex Molystria AB","isPartOf":{"@id":"https:\/\/www.limo.se\/#website"},"primaryImageOfPage":{"@id":"https:\/\/www.limo.se\/snabbshop\/gummi-snabbshop\/linatex-fg-livsmedelsgummi\/#primaryimage"},"image":{"@id":"https:\/\/www.limo.se\/snabbshop\/gummi-snabbshop\/linatex-fg-livsmedelsgummi\/#primaryimage"},"thumbnailUrl":"https:\/\/www.limo.se\/wp-content\/uploads\/147-4-silicone6.png","datePublished":"2014-04-30T12:00:24+00:00","dateModified":"2025-12-17T15:05:38+00:00","description":"Silikongummi anv\u00e4nds till applikationer inom l\u00e4kemedelsindustrin och t\u00e5l \u00e4ven mycket h\u00f6ga temperaturer","breadcrumb":{"@id":"https:\/\/www.limo.se\/snabbshop\/gummi-snabbshop\/linatex-fg-livsmedelsgummi\/#breadcrumb"},"inLanguage":"en-US","potentialAction":[{"@type":"ReadAction","target":["https:\/\/www.limo.se\/snabbshop\/gummi-snabbshop\/linatex-fg-livsmedelsgummi\/"]}]},{"@type":"ImageObject","inLanguage":"en-US","@id":"https:\/\/www.limo.se\/snabbshop\/gummi-snabbshop\/linatex-fg-livsmedelsgummi\/#primaryimage","url":"https:\/\/www.limo.se\/wp-content\/uploads\/147-4-silicone6.png","contentUrl":"https:\/\/www.limo.se\/wp-content\/uploads\/147-4-silicone6.png","width":1000,"height":1000,"caption":"Gummi - Silikon"},{"@type":"BreadcrumbList","@id":"https:\/\/www.limo.se\/snabbshop\/gummi-snabbshop\/linatex-fg-livsmedelsgummi\/#breadcrumb","itemListElement":[{"@type":"ListItem","position":1,"name":"Webshop","item":"https:\/\/www.limo.se\/snabbshop\/"},{"@type":"ListItem","position":2,"name":"Silikongummi"}]},{"@type":"WebSite","@id":"https:\/\/www.limo.se\/#website","url":"https:\/\/www.limo.se\/","name":"Limo Linatex Molystria AB","description":"","publisher":{"@id":"https:\/\/www.limo.se\/#organization"},"potentialAction":[{"@type":"SearchAction","target":{"@type":"EntryPoint","urlTemplate":"https:\/\/www.limo.se\/?s={search_term_string}"},"query-input":{"@type":"PropertyValueSpecification","valueRequired":true,"valueName":"search_term_string"}}],"inLanguage":"en-US"},{"@type":"Organization","@id":"https:\/\/www.limo.se\/#organization","name":"Limo Linatex Molystria AB","alternateName":"Limo AB","url":"https:\/\/www.limo.se\/","logo":{"@type":"ImageObject","inLanguage":"en-US","@id":"https:\/\/www.limo.se\/#\/schema\/logo\/image\/","url":"https:\/\/www.limo.se\/wp-content\/uploads\/Logga_google.png","contentUrl":"https:\/\/www.limo.se\/wp-content\/uploads\/Logga_google.png","width":1200,"height":1100,"caption":"Limo Linatex Molystria AB"},"image":{"@id":"https:\/\/www.limo.se\/#\/schema\/logo\/image\/"},"sameAs":["https:\/\/www.facebook.com\/limoab\/","https:\/\/www.linkedin.com\/company\/limo-ab\/"]}]}},"_links":{"self":[{"href":"https:\/\/www.limo.se\/en\/wp-json\/wp\/v2\/product\/1532","targetHints":{"allow":["GET"]}}],"collection":[{"href":"https:\/\/www.limo.se\/en\/wp-json\/wp\/v2\/product"}],"about":[{"href":"https:\/\/www.limo.se\/en\/wp-json\/wp\/v2\/types\/product"}],"wp:featuredmedia":[{"embeddable":true,"href":"https:\/\/www.limo.se\/en\/wp-json\/wp\/v2\/media\/4750"}],"wp:attachment":[{"href":"https:\/\/www.limo.se\/en\/wp-json\/wp\/v2\/media?parent=1532"}],"wp:term":[{"taxonomy":"product_brand","embeddable":true,"href":"https:\/\/www.limo.se\/en\/wp-json\/wp\/v2\/product_brand?post=1532"},{"taxonomy":"product_cat","embeddable":true,"href":"https:\/\/www.limo.se\/en\/wp-json\/wp\/v2\/product_cat?post=1532"},{"taxonomy":"product_tag","embeddable":true,"href":"https:\/\/www.limo.se\/en\/wp-json\/wp\/v2\/product_tag?post=1532"}],"curies":[{"name":"wp","href":"https:\/\/api.w.org\/{rel}","templated":true}]}}