{"id":1562,"date":"2014-04-30T14:31:04","date_gmt":"2014-04-30T12:31:04","guid":{"rendered":"https:\/\/www.limo.se\/?post_type=product&#038;p=1562"},"modified":"2025-12-17T15:16:36","modified_gmt":"2025-12-17T14:16:36","slug":"nitril-gummiduk-nbr","status":"publish","type":"product","link":"https:\/\/www.limo.se\/en\/snabbshop\/gummi-snabbshop\/nitril-gummiduk-nbr\/","title":{"rendered":"Nitrile rubber"},"content":{"rendered":"","protected":false},"excerpt":{"rendered":"<p>Rubber cloth that is suitable for different applications, can handle different oils and petrol. Should not be used in direct sunlight. Delivered in width of 1400 mm.<\/p>\n<p>&nbsp;<\/p>\n<p><strong>The price is stated per meter, enter number = meter.<\/strong><\/p>\n<p>&nbsp;<\/p>","protected":false},"featured_media":4741,"template":"","meta":{"inline_featured_image":false},"product_brand":[],"product_cat":[51],"product_tag":[],"class_list":{"0":"post-1562","1":"product","2":"type-product","3":"status-publish","4":"has-post-thumbnail","6":"product_cat-gummi-snabbshop","8":"first","9":"instock","10":"taxable","11":"shipping-taxable","12":"purchasable","13":"product-type-variable"},"yoast_head":"<!-- This site is optimized with the Yoast SEO plugin v27.5 - https:\/\/yoast.com\/product\/yoast-seo-wordpress\/ -->\n<title>Nitril gummiduk | Limo Linatex Molystria AB<\/title>\n<meta name=\"description\" content=\"Gummiduk som l\u00e4mpar sig f\u00f6r olika applikationer, klarar olika oljor och bensin. B\u00f6r inte anv\u00e4ndas i direkt soljus.\" \/>\n<meta name=\"robots\" content=\"index, follow, max-snippet:-1, max-image-preview:large, max-video-preview:-1\" \/>\n<link rel=\"canonical\" href=\"https:\/\/www.limo.se\/en\/snabbshop\/gummi-snabbshop\/nitril-gummiduk-nbr\/\" \/>\n<meta property=\"og:locale\" content=\"en_US\" \/>\n<meta property=\"og:type\" content=\"article\" \/>\n<meta property=\"og:title\" content=\"Nitril gummiduk | Limo Linatex Molystria AB\" \/>\n<meta property=\"og:description\" content=\"Gummiduk som l\u00e4mpar sig f\u00f6r olika applikationer, klarar olika oljor och bensin. B\u00f6r inte anv\u00e4ndas i direkt soljus.\" \/>\n<meta property=\"og:url\" content=\"https:\/\/www.limo.se\/en\/snabbshop\/gummi-snabbshop\/nitril-gummiduk-nbr\/\" \/>\n<meta property=\"og:site_name\" content=\"Limo Linatex Molystria AB\" \/>\n<meta property=\"article:publisher\" content=\"https:\/\/www.facebook.com\/limoab\/\" \/>\n<meta property=\"article:modified_time\" content=\"2025-12-17T14:16:36+00:00\" \/>\n<meta property=\"og:image\" content=\"https:\/\/www.limo.se\/wp-content\/uploads\/Epdm-svart_gummiduk.png\" \/>\n\t<meta property=\"og:image:width\" content=\"1000\" \/>\n\t<meta property=\"og:image:height\" content=\"1000\" \/>\n\t<meta property=\"og:image:type\" content=\"image\/png\" \/>\n<meta name=\"twitter:card\" content=\"summary_large_image\" \/>\n<meta name=\"twitter:label1\" content=\"Est. reading time\" \/>\n\t<meta name=\"twitter:data1\" content=\"1 minute\" \/>\n<script type=\"application\/ld+json\" class=\"yoast-schema-graph\">{\"@context\":\"https:\\\/\\\/schema.org\",\"@graph\":[{\"@type\":[\"WebPage\",\"ItemPage\"],\"@id\":\"https:\\\/\\\/www.limo.se\\\/snabbshop\\\/gummi-snabbshop\\\/nitril-gummiduk-nbr\\\/\",\"url\":\"https:\\\/\\\/www.limo.se\\\/snabbshop\\\/gummi-snabbshop\\\/nitril-gummiduk-nbr\\\/\",\"name\":\"Nitril gummiduk | Limo Linatex Molystria AB\",\"isPartOf\":{\"@id\":\"https:\\\/\\\/www.limo.se\\\/#website\"},\"primaryImageOfPage\":{\"@id\":\"https:\\\/\\\/www.limo.se\\\/snabbshop\\\/gummi-snabbshop\\\/nitril-gummiduk-nbr\\\/#primaryimage\"},\"image\":{\"@id\":\"https:\\\/\\\/www.limo.se\\\/snabbshop\\\/gummi-snabbshop\\\/nitril-gummiduk-nbr\\\/#primaryimage\"},\"thumbnailUrl\":\"https:\\\/\\\/www.limo.se\\\/wp-content\\\/uploads\\\/Epdm-svart_gummiduk.png\",\"datePublished\":\"2014-04-30T12:31:04+00:00\",\"dateModified\":\"2025-12-17T14:16:36+00:00\",\"description\":\"Gummiduk som l\u00e4mpar sig f\u00f6r olika applikationer, klarar olika oljor och bensin. B\u00f6r inte anv\u00e4ndas i direkt soljus.\",\"breadcrumb\":{\"@id\":\"https:\\\/\\\/www.limo.se\\\/snabbshop\\\/gummi-snabbshop\\\/nitril-gummiduk-nbr\\\/#breadcrumb\"},\"inLanguage\":\"en-US\",\"potentialAction\":[{\"@type\":\"ReadAction\",\"target\":[\"https:\\\/\\\/www.limo.se\\\/snabbshop\\\/gummi-snabbshop\\\/nitril-gummiduk-nbr\\\/\"]}]},{\"@type\":\"ImageObject\",\"inLanguage\":\"en-US\",\"@id\":\"https:\\\/\\\/www.limo.se\\\/snabbshop\\\/gummi-snabbshop\\\/nitril-gummiduk-nbr\\\/#primaryimage\",\"url\":\"https:\\\/\\\/www.limo.se\\\/wp-content\\\/uploads\\\/Epdm-svart_gummiduk.png\",\"contentUrl\":\"https:\\\/\\\/www.limo.se\\\/wp-content\\\/uploads\\\/Epdm-svart_gummiduk.png\",\"width\":1000,\"height\":1000,\"caption\":\"Gummiduk\"},{\"@type\":\"BreadcrumbList\",\"@id\":\"https:\\\/\\\/www.limo.se\\\/snabbshop\\\/gummi-snabbshop\\\/nitril-gummiduk-nbr\\\/#breadcrumb\",\"itemListElement\":[{\"@type\":\"ListItem\",\"position\":1,\"name\":\"Webshop\",\"item\":\"https:\\\/\\\/www.limo.se\\\/snabbshop\\\/\"},{\"@type\":\"ListItem\",\"position\":2,\"name\":\"Nitril gummiduk\"}]},{\"@type\":\"WebSite\",\"@id\":\"https:\\\/\\\/www.limo.se\\\/#website\",\"url\":\"https:\\\/\\\/www.limo.se\\\/\",\"name\":\"Limo Linatex Molystria AB\",\"description\":\"\",\"publisher\":{\"@id\":\"https:\\\/\\\/www.limo.se\\\/#organization\"},\"potentialAction\":[{\"@type\":\"SearchAction\",\"target\":{\"@type\":\"EntryPoint\",\"urlTemplate\":\"https:\\\/\\\/www.limo.se\\\/?s={search_term_string}\"},\"query-input\":{\"@type\":\"PropertyValueSpecification\",\"valueRequired\":true,\"valueName\":\"search_term_string\"}}],\"inLanguage\":\"en-US\"},{\"@type\":\"Organization\",\"@id\":\"https:\\\/\\\/www.limo.se\\\/#organization\",\"name\":\"Limo Linatex Molystria AB\",\"alternateName\":\"Limo AB\",\"url\":\"https:\\\/\\\/www.limo.se\\\/\",\"logo\":{\"@type\":\"ImageObject\",\"inLanguage\":\"en-US\",\"@id\":\"https:\\\/\\\/www.limo.se\\\/#\\\/schema\\\/logo\\\/image\\\/\",\"url\":\"https:\\\/\\\/www.limo.se\\\/wp-content\\\/uploads\\\/Logga_google.png\",\"contentUrl\":\"https:\\\/\\\/www.limo.se\\\/wp-content\\\/uploads\\\/Logga_google.png\",\"width\":1200,\"height\":1100,\"caption\":\"Limo Linatex Molystria AB\"},\"image\":{\"@id\":\"https:\\\/\\\/www.limo.se\\\/#\\\/schema\\\/logo\\\/image\\\/\"},\"sameAs\":[\"https:\\\/\\\/www.facebook.com\\\/limoab\\\/\",\"https:\\\/\\\/www.linkedin.com\\\/company\\\/limo-ab\\\/\"]}]}<\/script>\n<!-- \/ Yoast SEO plugin. -->","yoast_head_json":{"title":"Nitril gummiduk | Limo Linatex Molystria AB","description":"Gummiduk som l\u00e4mpar sig f\u00f6r olika applikationer, klarar olika oljor och bensin. B\u00f6r inte anv\u00e4ndas i direkt soljus.","robots":{"index":"index","follow":"follow","max-snippet":"max-snippet:-1","max-image-preview":"max-image-preview:large","max-video-preview":"max-video-preview:-1"},"canonical":"https:\/\/www.limo.se\/en\/snabbshop\/gummi-snabbshop\/nitril-gummiduk-nbr\/","og_locale":"en_US","og_type":"article","og_title":"Nitril gummiduk | Limo Linatex Molystria AB","og_description":"Gummiduk som l\u00e4mpar sig f\u00f6r olika applikationer, klarar olika oljor och bensin. B\u00f6r inte anv\u00e4ndas i direkt soljus.","og_url":"https:\/\/www.limo.se\/en\/snabbshop\/gummi-snabbshop\/nitril-gummiduk-nbr\/","og_site_name":"Limo Linatex Molystria AB","article_publisher":"https:\/\/www.facebook.com\/limoab\/","article_modified_time":"2025-12-17T14:16:36+00:00","og_image":[{"url":"https:\/\/www.limo.se\/wp-content\/uploads\/Epdm-svart_gummiduk.png","width":1000,"height":1000,"type":"image\/png"}],"twitter_card":"summary_large_image","twitter_misc":{"Est. reading time":"1 minute"},"schema":{"@context":"https:\/\/schema.org","@graph":[{"@type":["WebPage","ItemPage"],"@id":"https:\/\/www.limo.se\/snabbshop\/gummi-snabbshop\/nitril-gummiduk-nbr\/","url":"https:\/\/www.limo.se\/snabbshop\/gummi-snabbshop\/nitril-gummiduk-nbr\/","name":"Nitril gummiduk | Limo Linatex Molystria AB","isPartOf":{"@id":"https:\/\/www.limo.se\/#website"},"primaryImageOfPage":{"@id":"https:\/\/www.limo.se\/snabbshop\/gummi-snabbshop\/nitril-gummiduk-nbr\/#primaryimage"},"image":{"@id":"https:\/\/www.limo.se\/snabbshop\/gummi-snabbshop\/nitril-gummiduk-nbr\/#primaryimage"},"thumbnailUrl":"https:\/\/www.limo.se\/wp-content\/uploads\/Epdm-svart_gummiduk.png","datePublished":"2014-04-30T12:31:04+00:00","dateModified":"2025-12-17T14:16:36+00:00","description":"Gummiduk som l\u00e4mpar sig f\u00f6r olika applikationer, klarar olika oljor och bensin. B\u00f6r inte anv\u00e4ndas i direkt soljus.","breadcrumb":{"@id":"https:\/\/www.limo.se\/snabbshop\/gummi-snabbshop\/nitril-gummiduk-nbr\/#breadcrumb"},"inLanguage":"en-US","potentialAction":[{"@type":"ReadAction","target":["https:\/\/www.limo.se\/snabbshop\/gummi-snabbshop\/nitril-gummiduk-nbr\/"]}]},{"@type":"ImageObject","inLanguage":"en-US","@id":"https:\/\/www.limo.se\/snabbshop\/gummi-snabbshop\/nitril-gummiduk-nbr\/#primaryimage","url":"https:\/\/www.limo.se\/wp-content\/uploads\/Epdm-svart_gummiduk.png","contentUrl":"https:\/\/www.limo.se\/wp-content\/uploads\/Epdm-svart_gummiduk.png","width":1000,"height":1000,"caption":"Gummiduk"},{"@type":"BreadcrumbList","@id":"https:\/\/www.limo.se\/snabbshop\/gummi-snabbshop\/nitril-gummiduk-nbr\/#breadcrumb","itemListElement":[{"@type":"ListItem","position":1,"name":"Webshop","item":"https:\/\/www.limo.se\/snabbshop\/"},{"@type":"ListItem","position":2,"name":"Nitril gummiduk"}]},{"@type":"WebSite","@id":"https:\/\/www.limo.se\/#website","url":"https:\/\/www.limo.se\/","name":"Limo Linatex Molystria AB","description":"","publisher":{"@id":"https:\/\/www.limo.se\/#organization"},"potentialAction":[{"@type":"SearchAction","target":{"@type":"EntryPoint","urlTemplate":"https:\/\/www.limo.se\/?s={search_term_string}"},"query-input":{"@type":"PropertyValueSpecification","valueRequired":true,"valueName":"search_term_string"}}],"inLanguage":"en-US"},{"@type":"Organization","@id":"https:\/\/www.limo.se\/#organization","name":"Limo Linatex Molystria AB","alternateName":"Limo AB","url":"https:\/\/www.limo.se\/","logo":{"@type":"ImageObject","inLanguage":"en-US","@id":"https:\/\/www.limo.se\/#\/schema\/logo\/image\/","url":"https:\/\/www.limo.se\/wp-content\/uploads\/Logga_google.png","contentUrl":"https:\/\/www.limo.se\/wp-content\/uploads\/Logga_google.png","width":1200,"height":1100,"caption":"Limo Linatex Molystria AB"},"image":{"@id":"https:\/\/www.limo.se\/#\/schema\/logo\/image\/"},"sameAs":["https:\/\/www.facebook.com\/limoab\/","https:\/\/www.linkedin.com\/company\/limo-ab\/"]}]}},"_links":{"self":[{"href":"https:\/\/www.limo.se\/en\/wp-json\/wp\/v2\/product\/1562","targetHints":{"allow":["GET"]}}],"collection":[{"href":"https:\/\/www.limo.se\/en\/wp-json\/wp\/v2\/product"}],"about":[{"href":"https:\/\/www.limo.se\/en\/wp-json\/wp\/v2\/types\/product"}],"wp:featuredmedia":[{"embeddable":true,"href":"https:\/\/www.limo.se\/en\/wp-json\/wp\/v2\/media\/4741"}],"wp:attachment":[{"href":"https:\/\/www.limo.se\/en\/wp-json\/wp\/v2\/media?parent=1562"}],"wp:term":[{"taxonomy":"product_brand","embeddable":true,"href":"https:\/\/www.limo.se\/en\/wp-json\/wp\/v2\/product_brand?post=1562"},{"taxonomy":"product_cat","embeddable":true,"href":"https:\/\/www.limo.se\/en\/wp-json\/wp\/v2\/product_cat?post=1562"},{"taxonomy":"product_tag","embeddable":true,"href":"https:\/\/www.limo.se\/en\/wp-json\/wp\/v2\/product_tag?post=1562"}],"curies":[{"name":"wp","href":"https:\/\/api.w.org\/{rel}","templated":true}]}}