{"id":4528,"date":"2021-12-01T11:09:06","date_gmt":"2021-12-01T10:09:06","guid":{"rendered":"https:\/\/www.limo.se\/?post_type=product&#038;p=4528"},"modified":"2025-12-18T08:56:03","modified_gmt":"2025-12-18T07:56:03","slug":"justerbara-gasfjadrar","status":"publish","type":"product","link":"https:\/\/www.limo.se\/en\/snabbshop\/gasfjadrar-snabbshop\/justerbara-gasfjadrar\/","title":{"rendered":"Adjustable gas spring"},"content":{"rendered":"","protected":false},"excerpt":{"rendered":"<p>Gas springs with adjustable pressure. The gas spring is delivered with full pressure and has a vent valve to be able to be adapted to the desired lifting force. Note that it is not possible to increase the pressure after the gas spring has been vented.<\/p>\n<p>Makes lifting and closing of heavy doors and lids much easier, can be used in machines, vehicles, trailers or roof boxes, hospital equipment, in shipping and in many different types of applications.<\/p>\n<p>Each gas spring is delivered with 2 selected brackets, which are screwed on.<\/p>\n<p><a href=\"https:\/\/www.limo.se\/en\/produktkataloger\/online-dokument\/limo-pdf-view\/?pdf=Lista_Gasfjadrar_standard_ny.pdf\" target=\"_blank\" rel=\"noopener\">View data sheet with measurements and brackets<\/a><\/p>\n<p>&nbsp;<\/p>\n<p><strong>Choose from the list below which specifications are needed for your Gas Spring, the lists are automatically updated in real time when the choices are made and only shows possible combinations, but it does matter in which order the choices are made. Note! All fields must be selected to receive a price and item number.<\/strong><\/p>\n<p>&nbsp;<\/p>","protected":false},"featured_media":4441,"template":"","meta":{"inline_featured_image":false},"product_brand":[],"product_cat":[8],"product_tag":[],"class_list":{"0":"post-4528","1":"product","2":"type-product","3":"status-publish","4":"has-post-thumbnail","6":"product_cat-gasfjadrar-snabbshop","8":"first","9":"instock","10":"taxable","11":"shipping-taxable","12":"purchasable","13":"product-type-variable"},"yoast_head":"<!-- This site is optimized with the Yoast SEO plugin v27.4 - https:\/\/yoast.com\/product\/yoast-seo-wordpress\/ -->\n<title>Justerbar gasfj\u00e4der | Limo Linatex Molystria AB<\/title>\n<meta name=\"description\" content=\"Gasfj\u00e4drar med justerbart tryck. Gasfj\u00e4dern levereras med fullt tryck och har en avluftningsventil f\u00f6r att kunna anpassas efter \u00f6nskbar lyftkraft.\" \/>\n<meta name=\"robots\" content=\"index, follow, max-snippet:-1, max-image-preview:large, max-video-preview:-1\" \/>\n<link rel=\"canonical\" href=\"https:\/\/www.limo.se\/en\/snabbshop\/gasfjadrar-snabbshop\/justerbara-gasfjadrar\/\" \/>\n<meta property=\"og:locale\" content=\"en_US\" \/>\n<meta property=\"og:type\" content=\"article\" \/>\n<meta property=\"og:title\" content=\"Justerbar gasfj\u00e4der | Limo Linatex Molystria AB\" \/>\n<meta property=\"og:description\" content=\"Gasfj\u00e4drar med justerbart tryck. Gasfj\u00e4dern levereras med fullt tryck och har en avluftningsventil f\u00f6r att kunna anpassas efter \u00f6nskbar lyftkraft.\" \/>\n<meta property=\"og:url\" content=\"https:\/\/www.limo.se\/en\/snabbshop\/gasfjadrar-snabbshop\/justerbara-gasfjadrar\/\" \/>\n<meta property=\"og:site_name\" content=\"Limo Linatex Molystria AB\" \/>\n<meta property=\"article:publisher\" content=\"https:\/\/www.facebook.com\/limoab\/\" \/>\n<meta property=\"article:modified_time\" content=\"2025-12-18T07:56:03+00:00\" \/>\n<meta property=\"og:image\" content=\"https:\/\/www.limo.se\/wp-content\/uploads\/vari-lif_snabbshop-scaled.png\" \/>\n\t<meta property=\"og:image:width\" content=\"1155\" \/>\n\t<meta property=\"og:image:height\" content=\"2560\" \/>\n\t<meta property=\"og:image:type\" content=\"image\/jpeg\" \/>\n<meta name=\"twitter:card\" content=\"summary_large_image\" \/>\n<meta name=\"twitter:label1\" content=\"Est. reading time\" \/>\n\t<meta name=\"twitter:data1\" content=\"1 minute\" \/>\n<script type=\"application\/ld+json\" class=\"yoast-schema-graph\">{\"@context\":\"https:\\\/\\\/schema.org\",\"@graph\":[{\"@type\":[\"WebPage\",\"ItemPage\"],\"@id\":\"https:\\\/\\\/www.limo.se\\\/snabbshop\\\/gasfjadrar-snabbshop\\\/justerbara-gasfjadrar\\\/\",\"url\":\"https:\\\/\\\/www.limo.se\\\/snabbshop\\\/gasfjadrar-snabbshop\\\/justerbara-gasfjadrar\\\/\",\"name\":\"Justerbar gasfj\u00e4der | Limo Linatex Molystria AB\",\"isPartOf\":{\"@id\":\"https:\\\/\\\/www.limo.se\\\/#website\"},\"primaryImageOfPage\":{\"@id\":\"https:\\\/\\\/www.limo.se\\\/snabbshop\\\/gasfjadrar-snabbshop\\\/justerbara-gasfjadrar\\\/#primaryimage\"},\"image\":{\"@id\":\"https:\\\/\\\/www.limo.se\\\/snabbshop\\\/gasfjadrar-snabbshop\\\/justerbara-gasfjadrar\\\/#primaryimage\"},\"thumbnailUrl\":\"https:\\\/\\\/www.limo.se\\\/wp-content\\\/uploads\\\/vari-lif_snabbshop-scaled.png\",\"datePublished\":\"2021-12-01T10:09:06+00:00\",\"dateModified\":\"2025-12-18T07:56:03+00:00\",\"description\":\"Gasfj\u00e4drar med justerbart tryck. Gasfj\u00e4dern levereras med fullt tryck och har en avluftningsventil f\u00f6r att kunna anpassas efter \u00f6nskbar lyftkraft.\",\"breadcrumb\":{\"@id\":\"https:\\\/\\\/www.limo.se\\\/snabbshop\\\/gasfjadrar-snabbshop\\\/justerbara-gasfjadrar\\\/#breadcrumb\"},\"inLanguage\":\"en-US\",\"potentialAction\":[{\"@type\":\"ReadAction\",\"target\":[\"https:\\\/\\\/www.limo.se\\\/snabbshop\\\/gasfjadrar-snabbshop\\\/justerbara-gasfjadrar\\\/\"]}]},{\"@type\":\"ImageObject\",\"inLanguage\":\"en-US\",\"@id\":\"https:\\\/\\\/www.limo.se\\\/snabbshop\\\/gasfjadrar-snabbshop\\\/justerbara-gasfjadrar\\\/#primaryimage\",\"url\":\"https:\\\/\\\/www.limo.se\\\/wp-content\\\/uploads\\\/vari-lif_snabbshop-scaled.png\",\"contentUrl\":\"https:\\\/\\\/www.limo.se\\\/wp-content\\\/uploads\\\/vari-lif_snabbshop-scaled.png\",\"width\":1155,\"height\":2560,\"caption\":\"Gasfj\u00e4der\"},{\"@type\":\"BreadcrumbList\",\"@id\":\"https:\\\/\\\/www.limo.se\\\/snabbshop\\\/gasfjadrar-snabbshop\\\/justerbara-gasfjadrar\\\/#breadcrumb\",\"itemListElement\":[{\"@type\":\"ListItem\",\"position\":1,\"name\":\"Webshop\",\"item\":\"https:\\\/\\\/www.limo.se\\\/snabbshop\\\/\"},{\"@type\":\"ListItem\",\"position\":2,\"name\":\"Justerbar gasfj\u00e4der\"}]},{\"@type\":\"WebSite\",\"@id\":\"https:\\\/\\\/www.limo.se\\\/#website\",\"url\":\"https:\\\/\\\/www.limo.se\\\/\",\"name\":\"Limo Linatex Molystria AB\",\"description\":\"\",\"publisher\":{\"@id\":\"https:\\\/\\\/www.limo.se\\\/#organization\"},\"potentialAction\":[{\"@type\":\"SearchAction\",\"target\":{\"@type\":\"EntryPoint\",\"urlTemplate\":\"https:\\\/\\\/www.limo.se\\\/?s={search_term_string}\"},\"query-input\":{\"@type\":\"PropertyValueSpecification\",\"valueRequired\":true,\"valueName\":\"search_term_string\"}}],\"inLanguage\":\"en-US\"},{\"@type\":\"Organization\",\"@id\":\"https:\\\/\\\/www.limo.se\\\/#organization\",\"name\":\"Limo Linatex Molystria AB\",\"alternateName\":\"Limo AB\",\"url\":\"https:\\\/\\\/www.limo.se\\\/\",\"logo\":{\"@type\":\"ImageObject\",\"inLanguage\":\"en-US\",\"@id\":\"https:\\\/\\\/www.limo.se\\\/#\\\/schema\\\/logo\\\/image\\\/\",\"url\":\"https:\\\/\\\/www.limo.se\\\/wp-content\\\/uploads\\\/Logga_google.png\",\"contentUrl\":\"https:\\\/\\\/www.limo.se\\\/wp-content\\\/uploads\\\/Logga_google.png\",\"width\":1200,\"height\":1100,\"caption\":\"Limo Linatex Molystria AB\"},\"image\":{\"@id\":\"https:\\\/\\\/www.limo.se\\\/#\\\/schema\\\/logo\\\/image\\\/\"},\"sameAs\":[\"https:\\\/\\\/www.facebook.com\\\/limoab\\\/\",\"https:\\\/\\\/www.linkedin.com\\\/company\\\/limo-ab\\\/\"]}]}<\/script>\n<!-- \/ Yoast SEO plugin. -->","yoast_head_json":{"title":"Justerbar gasfj\u00e4der | Limo Linatex Molystria AB","description":"Gasfj\u00e4drar med justerbart tryck. Gasfj\u00e4dern levereras med fullt tryck och har en avluftningsventil f\u00f6r att kunna anpassas efter \u00f6nskbar lyftkraft.","robots":{"index":"index","follow":"follow","max-snippet":"max-snippet:-1","max-image-preview":"max-image-preview:large","max-video-preview":"max-video-preview:-1"},"canonical":"https:\/\/www.limo.se\/en\/snabbshop\/gasfjadrar-snabbshop\/justerbara-gasfjadrar\/","og_locale":"en_US","og_type":"article","og_title":"Justerbar gasfj\u00e4der | Limo Linatex Molystria AB","og_description":"Gasfj\u00e4drar med justerbart tryck. Gasfj\u00e4dern levereras med fullt tryck och har en avluftningsventil f\u00f6r att kunna anpassas efter \u00f6nskbar lyftkraft.","og_url":"https:\/\/www.limo.se\/en\/snabbshop\/gasfjadrar-snabbshop\/justerbara-gasfjadrar\/","og_site_name":"Limo Linatex Molystria AB","article_publisher":"https:\/\/www.facebook.com\/limoab\/","article_modified_time":"2025-12-18T07:56:03+00:00","og_image":[{"width":1155,"height":2560,"url":"https:\/\/www.limo.se\/wp-content\/uploads\/vari-lif_snabbshop-scaled.png","type":"image\/jpeg"}],"twitter_card":"summary_large_image","twitter_misc":{"Est. reading time":"1 minute"},"schema":{"@context":"https:\/\/schema.org","@graph":[{"@type":["WebPage","ItemPage"],"@id":"https:\/\/www.limo.se\/snabbshop\/gasfjadrar-snabbshop\/justerbara-gasfjadrar\/","url":"https:\/\/www.limo.se\/snabbshop\/gasfjadrar-snabbshop\/justerbara-gasfjadrar\/","name":"Justerbar gasfj\u00e4der | Limo Linatex Molystria AB","isPartOf":{"@id":"https:\/\/www.limo.se\/#website"},"primaryImageOfPage":{"@id":"https:\/\/www.limo.se\/snabbshop\/gasfjadrar-snabbshop\/justerbara-gasfjadrar\/#primaryimage"},"image":{"@id":"https:\/\/www.limo.se\/snabbshop\/gasfjadrar-snabbshop\/justerbara-gasfjadrar\/#primaryimage"},"thumbnailUrl":"https:\/\/www.limo.se\/wp-content\/uploads\/vari-lif_snabbshop-scaled.png","datePublished":"2021-12-01T10:09:06+00:00","dateModified":"2025-12-18T07:56:03+00:00","description":"Gasfj\u00e4drar med justerbart tryck. Gasfj\u00e4dern levereras med fullt tryck och har en avluftningsventil f\u00f6r att kunna anpassas efter \u00f6nskbar lyftkraft.","breadcrumb":{"@id":"https:\/\/www.limo.se\/snabbshop\/gasfjadrar-snabbshop\/justerbara-gasfjadrar\/#breadcrumb"},"inLanguage":"en-US","potentialAction":[{"@type":"ReadAction","target":["https:\/\/www.limo.se\/snabbshop\/gasfjadrar-snabbshop\/justerbara-gasfjadrar\/"]}]},{"@type":"ImageObject","inLanguage":"en-US","@id":"https:\/\/www.limo.se\/snabbshop\/gasfjadrar-snabbshop\/justerbara-gasfjadrar\/#primaryimage","url":"https:\/\/www.limo.se\/wp-content\/uploads\/vari-lif_snabbshop-scaled.png","contentUrl":"https:\/\/www.limo.se\/wp-content\/uploads\/vari-lif_snabbshop-scaled.png","width":1155,"height":2560,"caption":"Gasfj\u00e4der"},{"@type":"BreadcrumbList","@id":"https:\/\/www.limo.se\/snabbshop\/gasfjadrar-snabbshop\/justerbara-gasfjadrar\/#breadcrumb","itemListElement":[{"@type":"ListItem","position":1,"name":"Webshop","item":"https:\/\/www.limo.se\/snabbshop\/"},{"@type":"ListItem","position":2,"name":"Justerbar gasfj\u00e4der"}]},{"@type":"WebSite","@id":"https:\/\/www.limo.se\/#website","url":"https:\/\/www.limo.se\/","name":"Limo Linatex Molystria AB","description":"","publisher":{"@id":"https:\/\/www.limo.se\/#organization"},"potentialAction":[{"@type":"SearchAction","target":{"@type":"EntryPoint","urlTemplate":"https:\/\/www.limo.se\/?s={search_term_string}"},"query-input":{"@type":"PropertyValueSpecification","valueRequired":true,"valueName":"search_term_string"}}],"inLanguage":"en-US"},{"@type":"Organization","@id":"https:\/\/www.limo.se\/#organization","name":"Limo Linatex Molystria AB","alternateName":"Limo AB","url":"https:\/\/www.limo.se\/","logo":{"@type":"ImageObject","inLanguage":"en-US","@id":"https:\/\/www.limo.se\/#\/schema\/logo\/image\/","url":"https:\/\/www.limo.se\/wp-content\/uploads\/Logga_google.png","contentUrl":"https:\/\/www.limo.se\/wp-content\/uploads\/Logga_google.png","width":1200,"height":1100,"caption":"Limo Linatex Molystria AB"},"image":{"@id":"https:\/\/www.limo.se\/#\/schema\/logo\/image\/"},"sameAs":["https:\/\/www.facebook.com\/limoab\/","https:\/\/www.linkedin.com\/company\/limo-ab\/"]}]}},"_links":{"self":[{"href":"https:\/\/www.limo.se\/en\/wp-json\/wp\/v2\/product\/4528","targetHints":{"allow":["GET"]}}],"collection":[{"href":"https:\/\/www.limo.se\/en\/wp-json\/wp\/v2\/product"}],"about":[{"href":"https:\/\/www.limo.se\/en\/wp-json\/wp\/v2\/types\/product"}],"wp:featuredmedia":[{"embeddable":true,"href":"https:\/\/www.limo.se\/en\/wp-json\/wp\/v2\/media\/4441"}],"wp:attachment":[{"href":"https:\/\/www.limo.se\/en\/wp-json\/wp\/v2\/media?parent=4528"}],"wp:term":[{"taxonomy":"product_brand","embeddable":true,"href":"https:\/\/www.limo.se\/en\/wp-json\/wp\/v2\/product_brand?post=4528"},{"taxonomy":"product_cat","embeddable":true,"href":"https:\/\/www.limo.se\/en\/wp-json\/wp\/v2\/product_cat?post=4528"},{"taxonomy":"product_tag","embeddable":true,"href":"https:\/\/www.limo.se\/en\/wp-json\/wp\/v2\/product_tag?post=4528"}],"curies":[{"name":"wp","href":"https:\/\/api.w.org\/{rel}","templated":true}]}}