{"id":4738,"date":"2022-01-21T11:57:46","date_gmt":"2022-01-21T10:57:46","guid":{"rendered":"https:\/\/www.limo.se\/?post_type=product&#038;p=4738"},"modified":"2025-02-12T09:37:46","modified_gmt":"2025-02-12T08:37:46","slug":"paulstra-float-batmotorer","status":"publish","type":"product","link":"https:\/\/www.limo.se\/en\/snabbshop\/maskinskor-snabbshop\/paulstra-float-batmotorer\/","title":{"rendered":"Paulstra float \u2013 for boat engines"},"content":{"rendered":"","protected":false},"excerpt":{"rendered":"<p>For engine suspension in boats, e.g. Volvo penta<\/p>\n<p>&nbsp;<\/p>\n<p><strong>Select from the list below which specifications are needed, the lists are automatically updated in real time as the selections are made and only show possible combinations but it does matter in which order the selections are made. Note! All fields must be selected to receive a price and item number.<\/strong><\/p>\n<p>&nbsp;<\/p>","protected":false},"featured_media":5838,"template":"","meta":{"inline_featured_image":false},"product_brand":[],"product_cat":[20],"product_tag":[],"class_list":{"0":"post-4738","1":"product","2":"type-product","3":"status-publish","4":"has-post-thumbnail","6":"product_cat-maskinskor-snabbshop","8":"first","9":"instock","10":"taxable","11":"shipping-taxable","12":"purchasable","13":"product-type-variable"},"yoast_head":"<!-- This site is optimized with the Yoast SEO plugin v27.6 - https:\/\/yoast.com\/product\/yoast-seo-wordpress\/ -->\n<title>Paulstra float - f\u00f6r b\u00e5tmotorer | Limo Linatex Molystria AB<\/title>\n<meta name=\"description\" content=\"F\u00f6r motorupph\u00e4ngning i b\u00e5tar, t.ex. Volvo penta\" \/>\n<meta name=\"robots\" content=\"index, follow, max-snippet:-1, max-image-preview:large, max-video-preview:-1\" \/>\n<link rel=\"canonical\" href=\"https:\/\/www.limo.se\/en\/snabbshop\/maskinskor-snabbshop\/paulstra-float-batmotorer\/\" \/>\n<meta property=\"og:locale\" content=\"en_US\" \/>\n<meta property=\"og:type\" content=\"article\" \/>\n<meta property=\"og:title\" content=\"Paulstra float - f\u00f6r b\u00e5tmotorer | Limo Linatex Molystria AB\" \/>\n<meta property=\"og:description\" content=\"F\u00f6r motorupph\u00e4ngning i b\u00e5tar, t.ex. Volvo penta\" \/>\n<meta property=\"og:url\" content=\"https:\/\/www.limo.se\/en\/snabbshop\/maskinskor-snabbshop\/paulstra-float-batmotorer\/\" \/>\n<meta property=\"og:site_name\" content=\"Limo Linatex Molystria AB\" \/>\n<meta property=\"article:publisher\" content=\"https:\/\/www.facebook.com\/limoab\/\" \/>\n<meta property=\"article:modified_time\" content=\"2025-02-12T08:37:46+00:00\" \/>\n<meta property=\"og:image\" content=\"https:\/\/www.limo.se\/wp-content\/uploads\/paulstrafloat_frilagd.png\" \/>\n\t<meta property=\"og:image:width\" content=\"1064\" \/>\n\t<meta property=\"og:image:height\" content=\"748\" \/>\n\t<meta property=\"og:image:type\" content=\"image\/png\" \/>\n<meta name=\"twitter:card\" content=\"summary_large_image\" \/>\n<meta name=\"twitter:label1\" content=\"Est. reading time\" \/>\n\t<meta name=\"twitter:data1\" content=\"1 minute\" \/>\n<script type=\"application\/ld+json\" class=\"yoast-schema-graph\">{\"@context\":\"https:\\\/\\\/schema.org\",\"@graph\":[{\"@type\":[\"WebPage\",\"ItemPage\"],\"@id\":\"https:\\\/\\\/www.limo.se\\\/snabbshop\\\/maskinskor-snabbshop\\\/paulstra-float-batmotorer\\\/\",\"url\":\"https:\\\/\\\/www.limo.se\\\/snabbshop\\\/maskinskor-snabbshop\\\/paulstra-float-batmotorer\\\/\",\"name\":\"Paulstra float - f\u00f6r b\u00e5tmotorer | Limo Linatex Molystria AB\",\"isPartOf\":{\"@id\":\"https:\\\/\\\/www.limo.se\\\/#website\"},\"primaryImageOfPage\":{\"@id\":\"https:\\\/\\\/www.limo.se\\\/snabbshop\\\/maskinskor-snabbshop\\\/paulstra-float-batmotorer\\\/#primaryimage\"},\"image\":{\"@id\":\"https:\\\/\\\/www.limo.se\\\/snabbshop\\\/maskinskor-snabbshop\\\/paulstra-float-batmotorer\\\/#primaryimage\"},\"thumbnailUrl\":\"https:\\\/\\\/www.limo.se\\\/wp-content\\\/uploads\\\/paulstrafloat_frilagd.png\",\"datePublished\":\"2022-01-21T10:57:46+00:00\",\"dateModified\":\"2025-02-12T08:37:46+00:00\",\"description\":\"F\u00f6r motorupph\u00e4ngning i b\u00e5tar, t.ex. Volvo penta\",\"breadcrumb\":{\"@id\":\"https:\\\/\\\/www.limo.se\\\/snabbshop\\\/maskinskor-snabbshop\\\/paulstra-float-batmotorer\\\/#breadcrumb\"},\"inLanguage\":\"en-US\",\"potentialAction\":[{\"@type\":\"ReadAction\",\"target\":[\"https:\\\/\\\/www.limo.se\\\/snabbshop\\\/maskinskor-snabbshop\\\/paulstra-float-batmotorer\\\/\"]}]},{\"@type\":\"ImageObject\",\"inLanguage\":\"en-US\",\"@id\":\"https:\\\/\\\/www.limo.se\\\/snabbshop\\\/maskinskor-snabbshop\\\/paulstra-float-batmotorer\\\/#primaryimage\",\"url\":\"https:\\\/\\\/www.limo.se\\\/wp-content\\\/uploads\\\/paulstrafloat_frilagd.png\",\"contentUrl\":\"https:\\\/\\\/www.limo.se\\\/wp-content\\\/uploads\\\/paulstrafloat_frilagd.png\",\"width\":1064,\"height\":748},{\"@type\":\"BreadcrumbList\",\"@id\":\"https:\\\/\\\/www.limo.se\\\/snabbshop\\\/maskinskor-snabbshop\\\/paulstra-float-batmotorer\\\/#breadcrumb\",\"itemListElement\":[{\"@type\":\"ListItem\",\"position\":1,\"name\":\"Webshop\",\"item\":\"https:\\\/\\\/www.limo.se\\\/snabbshop\\\/\"},{\"@type\":\"ListItem\",\"position\":2,\"name\":\"Paulstra float &#8211; f\u00f6r b\u00e5tmotorer\"}]},{\"@type\":\"WebSite\",\"@id\":\"https:\\\/\\\/www.limo.se\\\/#website\",\"url\":\"https:\\\/\\\/www.limo.se\\\/\",\"name\":\"Limo Linatex Molystria AB\",\"description\":\"\",\"publisher\":{\"@id\":\"https:\\\/\\\/www.limo.se\\\/#organization\"},\"potentialAction\":[{\"@type\":\"SearchAction\",\"target\":{\"@type\":\"EntryPoint\",\"urlTemplate\":\"https:\\\/\\\/www.limo.se\\\/?s={search_term_string}\"},\"query-input\":{\"@type\":\"PropertyValueSpecification\",\"valueRequired\":true,\"valueName\":\"search_term_string\"}}],\"inLanguage\":\"en-US\"},{\"@type\":\"Organization\",\"@id\":\"https:\\\/\\\/www.limo.se\\\/#organization\",\"name\":\"Limo Linatex Molystria AB\",\"alternateName\":\"Limo AB\",\"url\":\"https:\\\/\\\/www.limo.se\\\/\",\"logo\":{\"@type\":\"ImageObject\",\"inLanguage\":\"en-US\",\"@id\":\"https:\\\/\\\/www.limo.se\\\/#\\\/schema\\\/logo\\\/image\\\/\",\"url\":\"https:\\\/\\\/www.limo.se\\\/wp-content\\\/uploads\\\/Logga_google.png\",\"contentUrl\":\"https:\\\/\\\/www.limo.se\\\/wp-content\\\/uploads\\\/Logga_google.png\",\"width\":1200,\"height\":1100,\"caption\":\"Limo Linatex Molystria AB\"},\"image\":{\"@id\":\"https:\\\/\\\/www.limo.se\\\/#\\\/schema\\\/logo\\\/image\\\/\"},\"sameAs\":[\"https:\\\/\\\/www.facebook.com\\\/limoab\\\/\",\"https:\\\/\\\/www.linkedin.com\\\/company\\\/limo-ab\\\/\"]}]}<\/script>\n<!-- \/ Yoast SEO plugin. -->","yoast_head_json":{"title":"Paulstra float - f\u00f6r b\u00e5tmotorer | Limo Linatex Molystria AB","description":"For engine suspension in boats, e.g. Volvo penta","robots":{"index":"index","follow":"follow","max-snippet":"max-snippet:-1","max-image-preview":"max-image-preview:large","max-video-preview":"max-video-preview:-1"},"canonical":"https:\/\/www.limo.se\/en\/snabbshop\/maskinskor-snabbshop\/paulstra-float-batmotorer\/","og_locale":"en_US","og_type":"article","og_title":"Paulstra float - f\u00f6r b\u00e5tmotorer | Limo Linatex Molystria AB","og_description":"F\u00f6r motorupph\u00e4ngning i b\u00e5tar, t.ex. Volvo penta","og_url":"https:\/\/www.limo.se\/en\/snabbshop\/maskinskor-snabbshop\/paulstra-float-batmotorer\/","og_site_name":"Limo Linatex Molystria AB","article_publisher":"https:\/\/www.facebook.com\/limoab\/","article_modified_time":"2025-02-12T08:37:46+00:00","og_image":[{"width":1064,"height":748,"url":"https:\/\/www.limo.se\/wp-content\/uploads\/paulstrafloat_frilagd.png","type":"image\/png"}],"twitter_card":"summary_large_image","twitter_misc":{"Est. reading time":"1 minute"},"schema":{"@context":"https:\/\/schema.org","@graph":[{"@type":["WebPage","ItemPage"],"@id":"https:\/\/www.limo.se\/snabbshop\/maskinskor-snabbshop\/paulstra-float-batmotorer\/","url":"https:\/\/www.limo.se\/snabbshop\/maskinskor-snabbshop\/paulstra-float-batmotorer\/","name":"Paulstra float - f\u00f6r b\u00e5tmotorer | Limo Linatex Molystria AB","isPartOf":{"@id":"https:\/\/www.limo.se\/#website"},"primaryImageOfPage":{"@id":"https:\/\/www.limo.se\/snabbshop\/maskinskor-snabbshop\/paulstra-float-batmotorer\/#primaryimage"},"image":{"@id":"https:\/\/www.limo.se\/snabbshop\/maskinskor-snabbshop\/paulstra-float-batmotorer\/#primaryimage"},"thumbnailUrl":"https:\/\/www.limo.se\/wp-content\/uploads\/paulstrafloat_frilagd.png","datePublished":"2022-01-21T10:57:46+00:00","dateModified":"2025-02-12T08:37:46+00:00","description":"For engine suspension in boats, e.g. Volvo penta","breadcrumb":{"@id":"https:\/\/www.limo.se\/snabbshop\/maskinskor-snabbshop\/paulstra-float-batmotorer\/#breadcrumb"},"inLanguage":"en-US","potentialAction":[{"@type":"ReadAction","target":["https:\/\/www.limo.se\/snabbshop\/maskinskor-snabbshop\/paulstra-float-batmotorer\/"]}]},{"@type":"ImageObject","inLanguage":"en-US","@id":"https:\/\/www.limo.se\/snabbshop\/maskinskor-snabbshop\/paulstra-float-batmotorer\/#primaryimage","url":"https:\/\/www.limo.se\/wp-content\/uploads\/paulstrafloat_frilagd.png","contentUrl":"https:\/\/www.limo.se\/wp-content\/uploads\/paulstrafloat_frilagd.png","width":1064,"height":748},{"@type":"BreadcrumbList","@id":"https:\/\/www.limo.se\/snabbshop\/maskinskor-snabbshop\/paulstra-float-batmotorer\/#breadcrumb","itemListElement":[{"@type":"ListItem","position":1,"name":"Webshop","item":"https:\/\/www.limo.se\/snabbshop\/"},{"@type":"ListItem","position":2,"name":"Paulstra float &#8211; f\u00f6r b\u00e5tmotorer"}]},{"@type":"WebSite","@id":"https:\/\/www.limo.se\/#website","url":"https:\/\/www.limo.se\/","name":"Limo Linatex Molystria AB","description":"","publisher":{"@id":"https:\/\/www.limo.se\/#organization"},"potentialAction":[{"@type":"SearchAction","target":{"@type":"EntryPoint","urlTemplate":"https:\/\/www.limo.se\/?s={search_term_string}"},"query-input":{"@type":"PropertyValueSpecification","valueRequired":true,"valueName":"search_term_string"}}],"inLanguage":"en-US"},{"@type":"Organization","@id":"https:\/\/www.limo.se\/#organization","name":"Limo Linatex Molystria AB","alternateName":"Limo AB","url":"https:\/\/www.limo.se\/","logo":{"@type":"ImageObject","inLanguage":"en-US","@id":"https:\/\/www.limo.se\/#\/schema\/logo\/image\/","url":"https:\/\/www.limo.se\/wp-content\/uploads\/Logga_google.png","contentUrl":"https:\/\/www.limo.se\/wp-content\/uploads\/Logga_google.png","width":1200,"height":1100,"caption":"Limo Linatex Molystria AB"},"image":{"@id":"https:\/\/www.limo.se\/#\/schema\/logo\/image\/"},"sameAs":["https:\/\/www.facebook.com\/limoab\/","https:\/\/www.linkedin.com\/company\/limo-ab\/"]}]}},"_links":{"self":[{"href":"https:\/\/www.limo.se\/en\/wp-json\/wp\/v2\/product\/4738","targetHints":{"allow":["GET"]}}],"collection":[{"href":"https:\/\/www.limo.se\/en\/wp-json\/wp\/v2\/product"}],"about":[{"href":"https:\/\/www.limo.se\/en\/wp-json\/wp\/v2\/types\/product"}],"wp:featuredmedia":[{"embeddable":true,"href":"https:\/\/www.limo.se\/en\/wp-json\/wp\/v2\/media\/5838"}],"wp:attachment":[{"href":"https:\/\/www.limo.se\/en\/wp-json\/wp\/v2\/media?parent=4738"}],"wp:term":[{"taxonomy":"product_brand","embeddable":true,"href":"https:\/\/www.limo.se\/en\/wp-json\/wp\/v2\/product_brand?post=4738"},{"taxonomy":"product_cat","embeddable":true,"href":"https:\/\/www.limo.se\/en\/wp-json\/wp\/v2\/product_cat?post=4738"},{"taxonomy":"product_tag","embeddable":true,"href":"https:\/\/www.limo.se\/en\/wp-json\/wp\/v2\/product_tag?post=4738"}],"curies":[{"name":"wp","href":"https:\/\/api.w.org\/{rel}","templated":true}]}}